{"id":338,"date":"2019-10-28T15:28:19","date_gmt":"2019-10-28T14:28:19","guid":{"rendered":"https:\/\/gb3.ba\/klubovi\/?page_id=338"},"modified":"2019-10-28T15:29:01","modified_gmt":"2019-10-28T14:29:01","slug":"o-nama","status":"publish","type":"page","link":"https:\/\/gb3.ba\/klubovi\/o-nama\/","title":{"rendered":"O Nama"},"content":{"rendered":"<p>Grafo Balkan je \u0161tamparija koja je osnovana 2003. godine sa osniva\u010dem kao jedinim zaposlenim. Od tada do danas uz jasne ciljeve i upornost kompanija zapo\u0161ljava preko 150 radnika iz raznih<br \/>\noblasti zanimanja. Radni kadar kompanije \u010dine: grafi\u010dki dizajneri, \u0161iva\u010di, kroja\u010di, grafi\u010dki tehni\u010dari, modelari, \u0161tampari, marketing i administrativna slu\u017eba.<\/p>\n<p>Grafo Balkan, u regionu poznatiji kao brend GBT, se bavi proizvodnjom i \u0161tampom tekstila, \u0161tamparijskim i dizajnerskim uslugama. U svom asortimanu nudi \u0161irok spektar proizvoda i usluga, a neki od njih su: kompletna sportska oprema, majice, trenerke, jakne, dresovi, \u0161tucne, duksevi, lazy bag-ovi, torbe, \u0161olje, marme, HTZ oprema itd. Svi proizvodi se izra\u0111uju od licenciranih materijala vrhunskog kvaliteta, na koje se radi sito i sublimaciona \u0161tampa poslednje generacije. Pored navedenih proizvoda svojim kupcima nude i usluge dizajna, izradu vizuelnog identita, offset \u0161tampu (vizit karte, flajeri, plakati) kao i usluge firmopisa (PVC folija, cerade, zastave, zastavice, banere).<\/p>\n<p>Prijatelji su brojnih svjetskih i evropskih kupova, takmi\u010denja, maratona i drugih manifestacija.<\/p>\n<p>Brend GBT rado nose poznati sportisti i olimpijci, jer je prepoznatljiv po udobnosti, kvalitetu i unikatnom dizajnu.<\/p>\n","protected":false},"excerpt":{"rendered":"<p><span class=\"excerpt-hellip\"> [\u2026]<\/span><\/p>\n","protected":false},"author":1,"featured_media":0,"parent":0,"menu_order":0,"comment_status":"closed","ping_status":"closed","template":"","meta":{"_exactmetrics_skip_tracking":false,"_exactmetrics_sitenote_active":false,"_exactmetrics_sitenote_note":"","_exactmetrics_sitenote_category":0,"footnotes":""},"yst_prominent_words":[],"class_list":["post-338","page","type-page","status-publish","hentry"],"_links":{"self":[{"href":"https:\/\/gb3.ba\/klubovi\/wp-json\/wp\/v2\/pages\/338","targetHints":{"allow":["GET"]}}],"collection":[{"href":"https:\/\/gb3.ba\/klubovi\/wp-json\/wp\/v2\/pages"}],"about":[{"href":"https:\/\/gb3.ba\/klubovi\/wp-json\/wp\/v2\/types\/page"}],"author":[{"embeddable":true,"href":"https:\/\/gb3.ba\/klubovi\/wp-json\/wp\/v2\/users\/1"}],"replies":[{"embeddable":true,"href":"https:\/\/gb3.ba\/klubovi\/wp-json\/wp\/v2\/comments?post=338"}],"version-history":[{"count":1,"href":"https:\/\/gb3.ba\/klubovi\/wp-json\/wp\/v2\/pages\/338\/revisions"}],"predecessor-version":[{"id":339,"href":"https:\/\/gb3.ba\/klubovi\/wp-json\/wp\/v2\/pages\/338\/revisions\/339"}],"wp:attachment":[{"href":"https:\/\/gb3.ba\/klubovi\/wp-json\/wp\/v2\/media?parent=338"}],"wp:term":[{"taxonomy":"yst_prominent_words","embeddable":true,"href":"https:\/\/gb3.ba\/klubovi\/wp-json\/wp\/v2\/yst_prominent_words?post=338"}],"curies":[{"name":"wp","href":"https:\/\/api.w.org\/{rel}","templated":true}]}}