{"id":9669,"date":"2020-07-30T13:41:09","date_gmt":"2020-07-30T11:41:09","guid":{"rendered":"https:\/\/gb3.ba\/biznis\/?post_type=product&amp;p=9669"},"modified":"2020-07-30T13:41:09","modified_gmt":"2020-07-30T11:41:09","slug":"dekica-2","status":"publish","type":"product","link":"https:\/\/gb3.ba\/biznis\/proizvod\/dekica-2\/","title":{"rendered":"Dekica"},"content":{"rendered":"<p>Deke pravljenje od materijala Flis Polar, ugodne su na dodir, meke i veoma lagane.<br \/>\nOdli\u010dno zadr\u017eavaju toplotu i pru\u017eaju posebnu udobnost.<br \/>\nDobar su izbor za ba\u0161te ugostiteljskih objekata, kao i za sportske klubove, tokom utakmica hladnim danima.<br \/>\nMogu\u0107nost apliciranja logotipa ili dizajna po \u017eelji.<\/p>\n","protected":false},"excerpt":{"rendered":"<p>Materijal: Flis Polar<br \/>\nPranje: 40\u00ba<br \/>\nVrste \u0161tampe: ma\u0161inski vez, sito \u0161tampa, sublimacija<br \/>\nBoje: crna, bijela, tamno siva, svijetlo siva, royal, crvena, maslinasto zelena<br \/>\nDimenzije: 120x170cm, 170x200cm<\/p>\n","protected":false},"featured_media":10304,"comment_status":"closed","ping_status":"closed","template":"","meta":[],"product_brand":[],"product_cat":[822,771],"product_tag":[163,164,165,166,216,217,228,670,691],"class_list":{"0":"post-9669","1":"product","2":"type-product","3":"status-publish","4":"has-post-thumbnail","6":"product_cat-jastuci","7":"product_cat-promo","8":"product_tag-deka","9":"product_tag-dekica","10":"product_tag-dekica-sa-stampom","11":"product_tag-dekica-sa-vezom","12":"product_tag-flis","13":"product_tag-flis-polar","14":"product_tag-gb3","15":"product_tag-vez","16":"product_tag-xgb3","18":"first","19":"instock","20":"shipping-taxable","21":"purchasable","22":"product-type-variable"},"yoast_head":"<!-- This site is optimized with the Yoast SEO plugin v24.7 - https:\/\/yoast.com\/wordpress\/plugins\/seo\/ -->\n<title>Dekica - GB3 - Brend koji osvaja svijet<\/title>\n<meta name=\"robots\" content=\"index, follow, max-snippet:-1, max-image-preview:large, max-video-preview:-1\" \/>\n<link rel=\"canonical\" href=\"https:\/\/gb3.ba\/biznis\/proizvod\/dekica-2\/\" \/>\n<meta property=\"og:locale\" content=\"bs_BA\" \/>\n<meta property=\"og:type\" content=\"article\" \/>\n<meta property=\"og:title\" content=\"Deka Polar - GB3 - Brend koji osvaja svijet!\" \/>\n<meta property=\"og:description\" content=\"Materijal: Flis Polar Pranje: 40\u00ba Vrste \u0161tampe: ma\u0161inski vez, sito \u0161tampa, sublimacija Boje: crna, bijela, tamno siva, svijetlo siva, royal, crvena, maslinasto zelena Dimenzije: 120x170cm, 170x200cm\" \/>\n<meta property=\"og:url\" content=\"https:\/\/gb3.ba\/biznis\/proizvod\/dekica-2\/\" \/>\n<meta property=\"og:site_name\" content=\"GB3 - Brend koji osvaja svijet\" \/>\n<meta property=\"article:publisher\" content=\"https:\/\/www.facebook.com\/gbt.gb3.sportska.oprema\" \/>\n<meta property=\"og:image\" content=\"https:\/\/gb3.ba\/biznis\/wp-content\/uploads\/2020\/07\/viber_image_2021-04-06_11-21-16.jpg\" \/>\n\t<meta property=\"og:image:width\" content=\"1600\" \/>\n\t<meta property=\"og:image:height\" content=\"838\" \/>\n\t<meta property=\"og:image:type\" content=\"image\/jpeg\" \/>\n<meta name=\"twitter:card\" content=\"summary_large_image\" \/>\n<script type=\"application\/ld+json\" class=\"yoast-schema-graph\">{\"@context\":\"https:\/\/schema.org\",\"@graph\":[{\"@type\":\"WebPage\",\"@id\":\"https:\/\/gb3.ba\/biznis\/proizvod\/dekica-2\/\",\"url\":\"https:\/\/gb3.ba\/biznis\/proizvod\/dekica-2\/\",\"name\":\"Dekica - GB3 - Brend koji osvaja svijet\",\"isPartOf\":{\"@id\":\"https:\/\/gb3.ba\/biznis\/#website\"},\"primaryImageOfPage\":{\"@id\":\"https:\/\/gb3.ba\/biznis\/proizvod\/dekica-2\/#primaryimage\"},\"image\":{\"@id\":\"https:\/\/gb3.ba\/biznis\/proizvod\/dekica-2\/#primaryimage\"},\"thumbnailUrl\":\"https:\/\/gb3.ba\/biznis\/wp-content\/uploads\/2020\/11\/web-vezdekica-01.jpg\",\"datePublished\":\"2020-07-30T11:41:09+00:00\",\"breadcrumb\":{\"@id\":\"https:\/\/gb3.ba\/biznis\/proizvod\/dekica-2\/#breadcrumb\"},\"inLanguage\":\"bs-BA\",\"potentialAction\":[{\"@type\":\"ReadAction\",\"target\":[\"https:\/\/gb3.ba\/biznis\/proizvod\/dekica-2\/\"]}]},{\"@type\":\"ImageObject\",\"inLanguage\":\"bs-BA\",\"@id\":\"https:\/\/gb3.ba\/biznis\/proizvod\/dekica-2\/#primaryimage\",\"url\":\"https:\/\/gb3.ba\/biznis\/wp-content\/uploads\/2020\/11\/web-vezdekica-01.jpg\",\"contentUrl\":\"https:\/\/gb3.ba\/biznis\/wp-content\/uploads\/2020\/11\/web-vezdekica-01.jpg\",\"width\":1080,\"height\":1080},{\"@type\":\"BreadcrumbList\",\"@id\":\"https:\/\/gb3.ba\/biznis\/proizvod\/dekica-2\/#breadcrumb\",\"itemListElement\":[{\"@type\":\"ListItem\",\"position\":1,\"name\":\"Home\",\"item\":\"https:\/\/gb3.ba\/biznis\/\"},{\"@type\":\"ListItem\",\"position\":2,\"name\":\"Trgovina\",\"item\":\"https:\/\/gb3.ba\/biznis\/trgovina\/\"},{\"@type\":\"ListItem\",\"position\":3,\"name\":\"Dekica\"}]},{\"@type\":\"WebSite\",\"@id\":\"https:\/\/gb3.ba\/biznis\/#website\",\"url\":\"https:\/\/gb3.ba\/biznis\/\",\"name\":\"GB3 - Brend koji osvaja svijet\",\"description\":\"\",\"publisher\":{\"@id\":\"https:\/\/gb3.ba\/biznis\/#organization\"},\"potentialAction\":[{\"@type\":\"SearchAction\",\"target\":{\"@type\":\"EntryPoint\",\"urlTemplate\":\"https:\/\/gb3.ba\/biznis\/?s={search_term_string}\"},\"query-input\":{\"@type\":\"PropertyValueSpecification\",\"valueRequired\":true,\"valueName\":\"search_term_string\"}}],\"inLanguage\":\"bs-BA\"},{\"@type\":\"Organization\",\"@id\":\"https:\/\/gb3.ba\/biznis\/#organization\",\"name\":\"GB3 - Brend koji osvaja svijet\",\"url\":\"https:\/\/gb3.ba\/biznis\/\",\"logo\":{\"@type\":\"ImageObject\",\"inLanguage\":\"bs-BA\",\"@id\":\"https:\/\/gb3.ba\/biznis\/#\/schema\/logo\/image\/\",\"url\":\"https:\/\/gb3.ba\/biznis\/wp-content\/uploads\/2025\/03\/OG-Image-2025.jpg\",\"contentUrl\":\"https:\/\/gb3.ba\/biznis\/wp-content\/uploads\/2025\/03\/OG-Image-2025.jpg\",\"width\":1200,\"height\":640,\"caption\":\"GB3 - Brend koji osvaja svijet\"},\"image\":{\"@id\":\"https:\/\/gb3.ba\/biznis\/#\/schema\/logo\/image\/\"},\"sameAs\":[\"https:\/\/www.facebook.com\/gbt.gb3.sportska.oprema\",\"https:\/\/www.instagram.com\/gb3_sportska_oprema\/\"]}]}<\/script>\n<!-- \/ Yoast SEO plugin. -->","yoast_head_json":{"title":"Dekica - GB3 - Brend koji osvaja svijet","robots":{"index":"index","follow":"follow","max-snippet":"max-snippet:-1","max-image-preview":"max-image-preview:large","max-video-preview":"max-video-preview:-1"},"canonical":"https:\/\/gb3.ba\/biznis\/proizvod\/dekica-2\/","og_locale":"bs_BA","og_type":"article","og_title":"Deka Polar - GB3 - Brend koji osvaja svijet!","og_description":"Materijal: Flis Polar Pranje: 40\u00ba Vrste \u0161tampe: ma\u0161inski vez, sito \u0161tampa, sublimacija Boje: crna, bijela, tamno siva, svijetlo siva, royal, crvena, maslinasto zelena Dimenzije: 120x170cm, 170x200cm","og_url":"https:\/\/gb3.ba\/biznis\/proizvod\/dekica-2\/","og_site_name":"GB3 - Brend koji osvaja svijet","article_publisher":"https:\/\/www.facebook.com\/gbt.gb3.sportska.oprema","og_image":[{"width":1600,"height":838,"url":"https:\/\/gb3.ba\/biznis\/wp-content\/uploads\/2020\/07\/viber_image_2021-04-06_11-21-16.jpg","type":"image\/jpeg"}],"twitter_card":"summary_large_image","schema":{"@context":"https:\/\/schema.org","@graph":[{"@type":"WebPage","@id":"https:\/\/gb3.ba\/biznis\/proizvod\/dekica-2\/","url":"https:\/\/gb3.ba\/biznis\/proizvod\/dekica-2\/","name":"Dekica - GB3 - Brend koji osvaja svijet","isPartOf":{"@id":"https:\/\/gb3.ba\/biznis\/#website"},"primaryImageOfPage":{"@id":"https:\/\/gb3.ba\/biznis\/proizvod\/dekica-2\/#primaryimage"},"image":{"@id":"https:\/\/gb3.ba\/biznis\/proizvod\/dekica-2\/#primaryimage"},"thumbnailUrl":"https:\/\/gb3.ba\/biznis\/wp-content\/uploads\/2020\/11\/web-vezdekica-01.jpg","datePublished":"2020-07-30T11:41:09+00:00","breadcrumb":{"@id":"https:\/\/gb3.ba\/biznis\/proizvod\/dekica-2\/#breadcrumb"},"inLanguage":"bs-BA","potentialAction":[{"@type":"ReadAction","target":["https:\/\/gb3.ba\/biznis\/proizvod\/dekica-2\/"]}]},{"@type":"ImageObject","inLanguage":"bs-BA","@id":"https:\/\/gb3.ba\/biznis\/proizvod\/dekica-2\/#primaryimage","url":"https:\/\/gb3.ba\/biznis\/wp-content\/uploads\/2020\/11\/web-vezdekica-01.jpg","contentUrl":"https:\/\/gb3.ba\/biznis\/wp-content\/uploads\/2020\/11\/web-vezdekica-01.jpg","width":1080,"height":1080},{"@type":"BreadcrumbList","@id":"https:\/\/gb3.ba\/biznis\/proizvod\/dekica-2\/#breadcrumb","itemListElement":[{"@type":"ListItem","position":1,"name":"Home","item":"https:\/\/gb3.ba\/biznis\/"},{"@type":"ListItem","position":2,"name":"Trgovina","item":"https:\/\/gb3.ba\/biznis\/trgovina\/"},{"@type":"ListItem","position":3,"name":"Dekica"}]},{"@type":"WebSite","@id":"https:\/\/gb3.ba\/biznis\/#website","url":"https:\/\/gb3.ba\/biznis\/","name":"GB3 - Brend koji osvaja svijet","description":"","publisher":{"@id":"https:\/\/gb3.ba\/biznis\/#organization"},"potentialAction":[{"@type":"SearchAction","target":{"@type":"EntryPoint","urlTemplate":"https:\/\/gb3.ba\/biznis\/?s={search_term_string}"},"query-input":{"@type":"PropertyValueSpecification","valueRequired":true,"valueName":"search_term_string"}}],"inLanguage":"bs-BA"},{"@type":"Organization","@id":"https:\/\/gb3.ba\/biznis\/#organization","name":"GB3 - Brend koji osvaja svijet","url":"https:\/\/gb3.ba\/biznis\/","logo":{"@type":"ImageObject","inLanguage":"bs-BA","@id":"https:\/\/gb3.ba\/biznis\/#\/schema\/logo\/image\/","url":"https:\/\/gb3.ba\/biznis\/wp-content\/uploads\/2025\/03\/OG-Image-2025.jpg","contentUrl":"https:\/\/gb3.ba\/biznis\/wp-content\/uploads\/2025\/03\/OG-Image-2025.jpg","width":1200,"height":640,"caption":"GB3 - Brend koji osvaja svijet"},"image":{"@id":"https:\/\/gb3.ba\/biznis\/#\/schema\/logo\/image\/"},"sameAs":["https:\/\/www.facebook.com\/gbt.gb3.sportska.oprema","https:\/\/www.instagram.com\/gb3_sportska_oprema\/"]}]}},"_links":{"self":[{"href":"https:\/\/gb3.ba\/biznis\/wp-json\/wp\/v2\/product\/9669","targetHints":{"allow":["GET"]}}],"collection":[{"href":"https:\/\/gb3.ba\/biznis\/wp-json\/wp\/v2\/product"}],"about":[{"href":"https:\/\/gb3.ba\/biznis\/wp-json\/wp\/v2\/types\/product"}],"replies":[{"embeddable":true,"href":"https:\/\/gb3.ba\/biznis\/wp-json\/wp\/v2\/comments?post=9669"}],"wp:featuredmedia":[{"embeddable":true,"href":"https:\/\/gb3.ba\/biznis\/wp-json\/wp\/v2\/media\/10304"}],"wp:attachment":[{"href":"https:\/\/gb3.ba\/biznis\/wp-json\/wp\/v2\/media?parent=9669"}],"wp:term":[{"taxonomy":"product_brand","embeddable":true,"href":"https:\/\/gb3.ba\/biznis\/wp-json\/wp\/v2\/product_brand?post=9669"},{"taxonomy":"product_cat","embeddable":true,"href":"https:\/\/gb3.ba\/biznis\/wp-json\/wp\/v2\/product_cat?post=9669"},{"taxonomy":"product_tag","embeddable":true,"href":"https:\/\/gb3.ba\/biznis\/wp-json\/wp\/v2\/product_tag?post=9669"}],"curies":[{"name":"wp","href":"https:\/\/api.w.org\/{rel}","templated":true}]}}