{"id":43854,"date":"2026-01-29T11:09:56","date_gmt":"2026-01-29T11:09:56","guid":{"rendered":"https:\/\/gb3.ba\/biznis\/?post_type=product&#038;p=43854"},"modified":"2026-02-11T13:22:52","modified_gmt":"2026-02-11T13:22:52","slug":"soft-shell-loki-pro","status":"publish","type":"product","link":"https:\/\/gb3.ba\/biznis\/proizvod\/soft-shell-loki-pro\/","title":{"rendered":"Soft Shell &#8211; LOKI PRO"},"content":{"rendered":"<p><strong>Soft Shell &#8211; LOKI PRO<\/strong><\/p>\n<p>&#8211; sublimacija komplet jakne i nali\u010dja<br \/>\n&#8211; vodonepropusni ykk rajsfer\u0161lusi<br \/>\n&#8211; 2 bo\u010dna d\u017eepa<br \/>\n&#8211; 2d\u017eepa na prsima<br \/>\n&#8211; 1 unutra\u0161nji d\u017eep<br \/>\n&#8211; 1 d\u017eep na rukavu (lijevi rukav)<br \/>\n&#8211; \u010di\u010dak za regulaciju \u0161irine rukava<br \/>\n&#8211; stoperi na kapulja\u010di i pojasu jakne<br \/>\n&#8211; lufteri<br \/>\n&#8211; mogu\u0107nost skidanja kapulja\u010de<br \/>\n&#8211; kop\u010danje kragne i kapulja\u010de<br \/>\n&#8211; unutra\u0161nja lajsna<\/p>\n<p>&nbsp;<\/p>\n<p>&nbsp;<\/p>\n","protected":false},"excerpt":{"rendered":"<p>Soft Shell &#8211; LOKI PRO &#8211; sublimacija komplet jakne i nali\u010dja &#8211; vodonepropusni ykk rajsfer\u0161lusi &#8211; 2 bo\u010dna d\u017eepa &#8211; 2d\u017eepa na prsima &#8211; 1 unutra\u0161nji d\u017eep &#8211; 1 d\u017eep na rukavu (lijevi rukav) &#8211; \u010di\u010dak za regulaciju \u0161irine rukava &#8211; stoperi na kapulja\u010di i pojasu jakne &#8211; lufteri &#8211; mogu\u0107nost skidanja kapulja\u010de &#8211; kop\u010danje [&hellip;]<\/p>\n","protected":false},"featured_media":43867,"comment_status":"closed","ping_status":"closed","template":"","meta":[],"product_brand":[],"product_cat":[770,766],"product_tag":[228,229,344,346,563,596],"class_list":{"0":"post-43854","1":"product","2":"type-product","3":"status-publish","4":"has-post-thumbnail","6":"product_cat-jakne-i-suskavci","7":"product_cat-odjeca","8":"product_tag-gb3","9":"product_tag-gb3-ba","10":"product_tag-loki","11":"product_tag-loki-subli","12":"product_tag-softshell","13":"product_tag-sublimacija","15":"first","16":"instock","17":"shipping-taxable","18":"purchasable","19":"product-type-simple"},"yoast_head":"<!-- This site is optimized with the Yoast SEO plugin v24.7 - https:\/\/yoast.com\/wordpress\/plugins\/seo\/ -->\n<title>Soft Shell - LOKI PRO - GB3 - Brend koji osvaja svijet<\/title>\n<meta name=\"robots\" content=\"index, follow, max-snippet:-1, max-image-preview:large, max-video-preview:-1\" \/>\n<link rel=\"canonical\" href=\"https:\/\/gb3.ba\/biznis\/proizvod\/soft-shell-loki-pro\/\" \/>\n<meta property=\"og:locale\" content=\"bs_BA\" \/>\n<meta property=\"og:type\" content=\"article\" \/>\n<meta property=\"og:title\" content=\"Soft Shell - LOKI PRO - GB3 - Brend koji osvaja svijet\" \/>\n<meta property=\"og:description\" content=\"Soft Shell &#8211; LOKI PRO &#8211; sublimacija komplet jakne i nali\u010dja &#8211; vodonepropusni ykk rajsfer\u0161lusi &#8211; 2 bo\u010dna d\u017eepa &#8211; 2d\u017eepa na prsima &#8211; 1 unutra\u0161nji d\u017eep &#8211; 1 d\u017eep na rukavu (lijevi rukav) &#8211; \u010di\u010dak za regulaciju \u0161irine rukava &#8211; stoperi na kapulja\u010di i pojasu jakne &#8211; lufteri &#8211; mogu\u0107nost skidanja kapulja\u010de &#8211; kop\u010danje [&hellip;]\" \/>\n<meta property=\"og:url\" content=\"https:\/\/gb3.ba\/biznis\/proizvod\/soft-shell-loki-pro\/\" \/>\n<meta property=\"og:site_name\" content=\"GB3 - Brend koji osvaja svijet\" \/>\n<meta property=\"article:publisher\" content=\"https:\/\/www.facebook.com\/gbt.gb3.sportska.oprema\" \/>\n<meta property=\"article:modified_time\" content=\"2026-02-11T13:22:52+00:00\" \/>\n<meta property=\"og:image\" content=\"https:\/\/gb3.ba\/biznis\/wp-content\/uploads\/2026\/01\/LOKI-S-2026-2-1.jpg\" \/>\n\t<meta property=\"og:image:width\" content=\"360\" \/>\n\t<meta property=\"og:image:height\" content=\"360\" \/>\n\t<meta property=\"og:image:type\" content=\"image\/jpeg\" \/>\n<meta name=\"twitter:card\" content=\"summary_large_image\" \/>\n<meta name=\"twitter:label1\" content=\"Est. reading time\" \/>\n\t<meta name=\"twitter:data1\" content=\"1 minuta\" \/>\n<script type=\"application\/ld+json\" class=\"yoast-schema-graph\">{\"@context\":\"https:\/\/schema.org\",\"@graph\":[{\"@type\":\"WebPage\",\"@id\":\"https:\/\/gb3.ba\/biznis\/proizvod\/soft-shell-loki-pro\/\",\"url\":\"https:\/\/gb3.ba\/biznis\/proizvod\/soft-shell-loki-pro\/\",\"name\":\"Soft Shell - LOKI PRO - GB3 - Brend koji osvaja svijet\",\"isPartOf\":{\"@id\":\"https:\/\/gb3.ba\/biznis\/#website\"},\"primaryImageOfPage\":{\"@id\":\"https:\/\/gb3.ba\/biznis\/proizvod\/soft-shell-loki-pro\/#primaryimage\"},\"image\":{\"@id\":\"https:\/\/gb3.ba\/biznis\/proizvod\/soft-shell-loki-pro\/#primaryimage\"},\"thumbnailUrl\":\"https:\/\/gb3.ba\/biznis\/wp-content\/uploads\/2026\/01\/LOKI-S-2026-2-1.jpg\",\"datePublished\":\"2026-01-29T11:09:56+00:00\",\"dateModified\":\"2026-02-11T13:22:52+00:00\",\"breadcrumb\":{\"@id\":\"https:\/\/gb3.ba\/biznis\/proizvod\/soft-shell-loki-pro\/#breadcrumb\"},\"inLanguage\":\"bs-BA\",\"potentialAction\":[{\"@type\":\"ReadAction\",\"target\":[\"https:\/\/gb3.ba\/biznis\/proizvod\/soft-shell-loki-pro\/\"]}]},{\"@type\":\"ImageObject\",\"inLanguage\":\"bs-BA\",\"@id\":\"https:\/\/gb3.ba\/biznis\/proizvod\/soft-shell-loki-pro\/#primaryimage\",\"url\":\"https:\/\/gb3.ba\/biznis\/wp-content\/uploads\/2026\/01\/LOKI-S-2026-2-1.jpg\",\"contentUrl\":\"https:\/\/gb3.ba\/biznis\/wp-content\/uploads\/2026\/01\/LOKI-S-2026-2-1.jpg\",\"width\":360,\"height\":360},{\"@type\":\"BreadcrumbList\",\"@id\":\"https:\/\/gb3.ba\/biznis\/proizvod\/soft-shell-loki-pro\/#breadcrumb\",\"itemListElement\":[{\"@type\":\"ListItem\",\"position\":1,\"name\":\"Home\",\"item\":\"https:\/\/gb3.ba\/biznis\/\"},{\"@type\":\"ListItem\",\"position\":2,\"name\":\"Trgovina\",\"item\":\"https:\/\/gb3.ba\/biznis\/trgovina\/\"},{\"@type\":\"ListItem\",\"position\":3,\"name\":\"Soft Shell &#8211; LOKI PRO\"}]},{\"@type\":\"WebSite\",\"@id\":\"https:\/\/gb3.ba\/biznis\/#website\",\"url\":\"https:\/\/gb3.ba\/biznis\/\",\"name\":\"GB3 - Brend koji osvaja svijet\",\"description\":\"\",\"publisher\":{\"@id\":\"https:\/\/gb3.ba\/biznis\/#organization\"},\"potentialAction\":[{\"@type\":\"SearchAction\",\"target\":{\"@type\":\"EntryPoint\",\"urlTemplate\":\"https:\/\/gb3.ba\/biznis\/?s={search_term_string}\"},\"query-input\":{\"@type\":\"PropertyValueSpecification\",\"valueRequired\":true,\"valueName\":\"search_term_string\"}}],\"inLanguage\":\"bs-BA\"},{\"@type\":\"Organization\",\"@id\":\"https:\/\/gb3.ba\/biznis\/#organization\",\"name\":\"GB3 - Brend koji osvaja svijet\",\"url\":\"https:\/\/gb3.ba\/biznis\/\",\"logo\":{\"@type\":\"ImageObject\",\"inLanguage\":\"bs-BA\",\"@id\":\"https:\/\/gb3.ba\/biznis\/#\/schema\/logo\/image\/\",\"url\":\"https:\/\/gb3.ba\/biznis\/wp-content\/uploads\/2025\/03\/OG-Image-2025.jpg\",\"contentUrl\":\"https:\/\/gb3.ba\/biznis\/wp-content\/uploads\/2025\/03\/OG-Image-2025.jpg\",\"width\":1200,\"height\":640,\"caption\":\"GB3 - Brend koji osvaja svijet\"},\"image\":{\"@id\":\"https:\/\/gb3.ba\/biznis\/#\/schema\/logo\/image\/\"},\"sameAs\":[\"https:\/\/www.facebook.com\/gbt.gb3.sportska.oprema\",\"https:\/\/www.instagram.com\/gb3_sportska_oprema\/\"]}]}<\/script>\n<!-- \/ Yoast SEO plugin. -->","yoast_head_json":{"title":"Soft Shell - LOKI PRO - GB3 - Brend koji osvaja svijet","robots":{"index":"index","follow":"follow","max-snippet":"max-snippet:-1","max-image-preview":"max-image-preview:large","max-video-preview":"max-video-preview:-1"},"canonical":"https:\/\/gb3.ba\/biznis\/proizvod\/soft-shell-loki-pro\/","og_locale":"bs_BA","og_type":"article","og_title":"Soft Shell - LOKI PRO - GB3 - Brend koji osvaja svijet","og_description":"Soft Shell &#8211; LOKI PRO &#8211; sublimacija komplet jakne i nali\u010dja &#8211; vodonepropusni ykk rajsfer\u0161lusi &#8211; 2 bo\u010dna d\u017eepa &#8211; 2d\u017eepa na prsima &#8211; 1 unutra\u0161nji d\u017eep &#8211; 1 d\u017eep na rukavu (lijevi rukav) &#8211; \u010di\u010dak za regulaciju \u0161irine rukava &#8211; stoperi na kapulja\u010di i pojasu jakne &#8211; lufteri &#8211; mogu\u0107nost skidanja kapulja\u010de &#8211; kop\u010danje [&hellip;]","og_url":"https:\/\/gb3.ba\/biznis\/proizvod\/soft-shell-loki-pro\/","og_site_name":"GB3 - Brend koji osvaja svijet","article_publisher":"https:\/\/www.facebook.com\/gbt.gb3.sportska.oprema","article_modified_time":"2026-02-11T13:22:52+00:00","og_image":[{"width":360,"height":360,"url":"https:\/\/gb3.ba\/biznis\/wp-content\/uploads\/2026\/01\/LOKI-S-2026-2-1.jpg","type":"image\/jpeg"}],"twitter_card":"summary_large_image","twitter_misc":{"Est. reading time":"1 minuta"},"schema":{"@context":"https:\/\/schema.org","@graph":[{"@type":"WebPage","@id":"https:\/\/gb3.ba\/biznis\/proizvod\/soft-shell-loki-pro\/","url":"https:\/\/gb3.ba\/biznis\/proizvod\/soft-shell-loki-pro\/","name":"Soft Shell - LOKI PRO - GB3 - Brend koji osvaja svijet","isPartOf":{"@id":"https:\/\/gb3.ba\/biznis\/#website"},"primaryImageOfPage":{"@id":"https:\/\/gb3.ba\/biznis\/proizvod\/soft-shell-loki-pro\/#primaryimage"},"image":{"@id":"https:\/\/gb3.ba\/biznis\/proizvod\/soft-shell-loki-pro\/#primaryimage"},"thumbnailUrl":"https:\/\/gb3.ba\/biznis\/wp-content\/uploads\/2026\/01\/LOKI-S-2026-2-1.jpg","datePublished":"2026-01-29T11:09:56+00:00","dateModified":"2026-02-11T13:22:52+00:00","breadcrumb":{"@id":"https:\/\/gb3.ba\/biznis\/proizvod\/soft-shell-loki-pro\/#breadcrumb"},"inLanguage":"bs-BA","potentialAction":[{"@type":"ReadAction","target":["https:\/\/gb3.ba\/biznis\/proizvod\/soft-shell-loki-pro\/"]}]},{"@type":"ImageObject","inLanguage":"bs-BA","@id":"https:\/\/gb3.ba\/biznis\/proizvod\/soft-shell-loki-pro\/#primaryimage","url":"https:\/\/gb3.ba\/biznis\/wp-content\/uploads\/2026\/01\/LOKI-S-2026-2-1.jpg","contentUrl":"https:\/\/gb3.ba\/biznis\/wp-content\/uploads\/2026\/01\/LOKI-S-2026-2-1.jpg","width":360,"height":360},{"@type":"BreadcrumbList","@id":"https:\/\/gb3.ba\/biznis\/proizvod\/soft-shell-loki-pro\/#breadcrumb","itemListElement":[{"@type":"ListItem","position":1,"name":"Home","item":"https:\/\/gb3.ba\/biznis\/"},{"@type":"ListItem","position":2,"name":"Trgovina","item":"https:\/\/gb3.ba\/biznis\/trgovina\/"},{"@type":"ListItem","position":3,"name":"Soft Shell &#8211; LOKI PRO"}]},{"@type":"WebSite","@id":"https:\/\/gb3.ba\/biznis\/#website","url":"https:\/\/gb3.ba\/biznis\/","name":"GB3 - Brend koji osvaja svijet","description":"","publisher":{"@id":"https:\/\/gb3.ba\/biznis\/#organization"},"potentialAction":[{"@type":"SearchAction","target":{"@type":"EntryPoint","urlTemplate":"https:\/\/gb3.ba\/biznis\/?s={search_term_string}"},"query-input":{"@type":"PropertyValueSpecification","valueRequired":true,"valueName":"search_term_string"}}],"inLanguage":"bs-BA"},{"@type":"Organization","@id":"https:\/\/gb3.ba\/biznis\/#organization","name":"GB3 - Brend koji osvaja svijet","url":"https:\/\/gb3.ba\/biznis\/","logo":{"@type":"ImageObject","inLanguage":"bs-BA","@id":"https:\/\/gb3.ba\/biznis\/#\/schema\/logo\/image\/","url":"https:\/\/gb3.ba\/biznis\/wp-content\/uploads\/2025\/03\/OG-Image-2025.jpg","contentUrl":"https:\/\/gb3.ba\/biznis\/wp-content\/uploads\/2025\/03\/OG-Image-2025.jpg","width":1200,"height":640,"caption":"GB3 - Brend koji osvaja svijet"},"image":{"@id":"https:\/\/gb3.ba\/biznis\/#\/schema\/logo\/image\/"},"sameAs":["https:\/\/www.facebook.com\/gbt.gb3.sportska.oprema","https:\/\/www.instagram.com\/gb3_sportska_oprema\/"]}]}},"_links":{"self":[{"href":"https:\/\/gb3.ba\/biznis\/wp-json\/wp\/v2\/product\/43854","targetHints":{"allow":["GET"]}}],"collection":[{"href":"https:\/\/gb3.ba\/biznis\/wp-json\/wp\/v2\/product"}],"about":[{"href":"https:\/\/gb3.ba\/biznis\/wp-json\/wp\/v2\/types\/product"}],"replies":[{"embeddable":true,"href":"https:\/\/gb3.ba\/biznis\/wp-json\/wp\/v2\/comments?post=43854"}],"wp:featuredmedia":[{"embeddable":true,"href":"https:\/\/gb3.ba\/biznis\/wp-json\/wp\/v2\/media\/43867"}],"wp:attachment":[{"href":"https:\/\/gb3.ba\/biznis\/wp-json\/wp\/v2\/media?parent=43854"}],"wp:term":[{"taxonomy":"product_brand","embeddable":true,"href":"https:\/\/gb3.ba\/biznis\/wp-json\/wp\/v2\/product_brand?post=43854"},{"taxonomy":"product_cat","embeddable":true,"href":"https:\/\/gb3.ba\/biznis\/wp-json\/wp\/v2\/product_cat?post=43854"},{"taxonomy":"product_tag","embeddable":true,"href":"https:\/\/gb3.ba\/biznis\/wp-json\/wp\/v2\/product_tag?post=43854"}],"curies":[{"name":"wp","href":"https:\/\/api.w.org\/{rel}","templated":true}]}}