{"id":43844,"date":"2026-01-29T10:52:49","date_gmt":"2026-01-29T10:52:49","guid":{"rendered":"https:\/\/gb3.ba\/biznis\/?post_type=product&#038;p=43844"},"modified":"2026-01-29T10:55:47","modified_gmt":"2026-01-29T10:55:47","slug":"jakna-winter-ski-2026","status":"publish","type":"product","link":"https:\/\/gb3.ba\/biznis\/proizvod\/jakna-winter-ski-2026\/","title":{"rendered":"Jakna WINTER &#8211; SKI 2026"},"content":{"rendered":"<p><strong>Osnovni model:<\/strong><\/p>\n<p>&#8211; (NordTex\u00ae &#8211; Osnovni materijal )<br \/>\n&#8211; podstava &#8211; materijal \u0160U\u0160KAVAC (GB3 pattern) i POLAR<br \/>\n&#8211; unutra\u0161nje kop\u010danje u pojasu<br \/>\n&#8211; rajsfer\u0161lusi &#8211; vodonepropusni (YKK)<br \/>\n&#8211; lufteri veliki (ispod rukava sa obje strane)<br \/>\n&#8211; man\u017eetna s rupom za palac i patnicom za regulaciju<br \/>\n&#8211; d\u017eepovi &#8211; 2 donja (vanjski)<br \/>\n&#8211; d\u017eep gornji &#8211; lijevi (vanjski)<br \/>\n&#8211; d\u017eep na rukavu (lijevi rukav)<br \/>\n&#8211; d\u017eep na le\u0111ima<br \/>\n&#8211; unutra\u0161nji d\u017eep (na prsima &#8211; lijeva strana)<br \/>\n&#8211; unutra\u0161nji d\u017eep za brile (mre\u017eica)<br \/>\n&#8211; kapulja\u010da sa d\u017eepom (mogu\u0107nost skidanja &#8211; rajsfer\u0161lus)<\/p>\n","protected":false},"excerpt":{"rendered":"<p>Osnovni model: &#8211; (NordTex\u00ae &#8211; Osnovni materijal ) &#8211; podstava &#8211; materijal \u0160U\u0160KAVAC (GB3 pattern) i POLAR &#8211; unutra\u0161nje kop\u010danje u pojasu &#8211; rajsfer\u0161lusi &#8211; vodonepropusni (YKK) &#8211; lufteri veliki (ispod rukava sa obje strane) &#8211; man\u017eetna s rupom za palac i patnicom za regulaciju &#8211; d\u017eepovi &#8211; 2 donja (vanjski) &#8211; d\u017eep gornji &#8211; [&hellip;]<\/p>\n","protected":false},"featured_media":43845,"comment_status":"closed","ping_status":"closed","template":"","meta":[],"product_brand":[],"product_cat":[770,766],"product_tag":[228,261,551,682,691],"class_list":{"0":"post-43844","1":"product","2":"type-product","3":"status-publish","4":"has-post-thumbnail","6":"product_cat-jakne-i-suskavci","7":"product_cat-odjeca","8":"product_tag-gb3","9":"product_tag-jakna","10":"product_tag-ski","11":"product_tag-winter","12":"product_tag-xgb3","14":"first","15":"instock","16":"shipping-taxable","17":"product-type-simple"},"yoast_head":"<!-- This site is optimized with the Yoast SEO plugin v24.7 - https:\/\/yoast.com\/wordpress\/plugins\/seo\/ -->\n<title>Jakna WINTER - SKI 2026 - GB3 - Brend koji osvaja svijet<\/title>\n<meta name=\"robots\" content=\"index, follow, max-snippet:-1, max-image-preview:large, max-video-preview:-1\" \/>\n<link rel=\"canonical\" href=\"https:\/\/gb3.ba\/biznis\/proizvod\/jakna-winter-ski-2026\/\" \/>\n<meta property=\"og:locale\" content=\"bs_BA\" \/>\n<meta property=\"og:type\" content=\"article\" \/>\n<meta property=\"og:title\" content=\"Jakna WINTER - SKI 2026 - GB3 - Brend koji osvaja svijet\" \/>\n<meta property=\"og:description\" content=\"Osnovni model: &#8211; (NordTex\u00ae &#8211; Osnovni materijal ) &#8211; podstava &#8211; materijal \u0160U\u0160KAVAC (GB3 pattern) i POLAR &#8211; unutra\u0161nje kop\u010danje u pojasu &#8211; rajsfer\u0161lusi &#8211; vodonepropusni (YKK) &#8211; lufteri veliki (ispod rukava sa obje strane) &#8211; man\u017eetna s rupom za palac i patnicom za regulaciju &#8211; d\u017eepovi &#8211; 2 donja (vanjski) &#8211; d\u017eep gornji &#8211; [&hellip;]\" \/>\n<meta property=\"og:url\" content=\"https:\/\/gb3.ba\/biznis\/proizvod\/jakna-winter-ski-2026\/\" \/>\n<meta property=\"og:site_name\" content=\"GB3 - Brend koji osvaja svijet\" \/>\n<meta property=\"article:publisher\" content=\"https:\/\/www.facebook.com\/gbt.gb3.sportska.oprema\" \/>\n<meta property=\"article:modified_time\" content=\"2026-01-29T10:55:47+00:00\" \/>\n<meta property=\"og:image\" content=\"https:\/\/gb3.ba\/biznis\/wp-content\/uploads\/2026\/01\/Storm-Peak.jpg\" \/>\n\t<meta property=\"og:image:width\" content=\"1080\" \/>\n\t<meta property=\"og:image:height\" content=\"1080\" \/>\n\t<meta property=\"og:image:type\" content=\"image\/jpeg\" \/>\n<meta name=\"twitter:card\" content=\"summary_large_image\" \/>\n<meta name=\"twitter:label1\" content=\"Est. reading time\" \/>\n\t<meta name=\"twitter:data1\" content=\"1 minuta\" \/>\n<script type=\"application\/ld+json\" class=\"yoast-schema-graph\">{\"@context\":\"https:\/\/schema.org\",\"@graph\":[{\"@type\":\"WebPage\",\"@id\":\"https:\/\/gb3.ba\/biznis\/proizvod\/jakna-winter-ski-2026\/\",\"url\":\"https:\/\/gb3.ba\/biznis\/proizvod\/jakna-winter-ski-2026\/\",\"name\":\"Jakna WINTER - SKI 2026 - GB3 - Brend koji osvaja svijet\",\"isPartOf\":{\"@id\":\"https:\/\/gb3.ba\/biznis\/#website\"},\"primaryImageOfPage\":{\"@id\":\"https:\/\/gb3.ba\/biznis\/proizvod\/jakna-winter-ski-2026\/#primaryimage\"},\"image\":{\"@id\":\"https:\/\/gb3.ba\/biznis\/proizvod\/jakna-winter-ski-2026\/#primaryimage\"},\"thumbnailUrl\":\"https:\/\/gb3.ba\/biznis\/wp-content\/uploads\/2026\/01\/Storm-Peak.jpg\",\"datePublished\":\"2026-01-29T10:52:49+00:00\",\"dateModified\":\"2026-01-29T10:55:47+00:00\",\"breadcrumb\":{\"@id\":\"https:\/\/gb3.ba\/biznis\/proizvod\/jakna-winter-ski-2026\/#breadcrumb\"},\"inLanguage\":\"bs-BA\",\"potentialAction\":[{\"@type\":\"ReadAction\",\"target\":[\"https:\/\/gb3.ba\/biznis\/proizvod\/jakna-winter-ski-2026\/\"]}]},{\"@type\":\"ImageObject\",\"inLanguage\":\"bs-BA\",\"@id\":\"https:\/\/gb3.ba\/biznis\/proizvod\/jakna-winter-ski-2026\/#primaryimage\",\"url\":\"https:\/\/gb3.ba\/biznis\/wp-content\/uploads\/2026\/01\/Storm-Peak.jpg\",\"contentUrl\":\"https:\/\/gb3.ba\/biznis\/wp-content\/uploads\/2026\/01\/Storm-Peak.jpg\",\"width\":1080,\"height\":1080},{\"@type\":\"BreadcrumbList\",\"@id\":\"https:\/\/gb3.ba\/biznis\/proizvod\/jakna-winter-ski-2026\/#breadcrumb\",\"itemListElement\":[{\"@type\":\"ListItem\",\"position\":1,\"name\":\"Home\",\"item\":\"https:\/\/gb3.ba\/biznis\/\"},{\"@type\":\"ListItem\",\"position\":2,\"name\":\"Trgovina\",\"item\":\"https:\/\/gb3.ba\/biznis\/trgovina\/\"},{\"@type\":\"ListItem\",\"position\":3,\"name\":\"Jakna WINTER &#8211; SKI 2026\"}]},{\"@type\":\"WebSite\",\"@id\":\"https:\/\/gb3.ba\/biznis\/#website\",\"url\":\"https:\/\/gb3.ba\/biznis\/\",\"name\":\"GB3 - Brend koji osvaja svijet\",\"description\":\"\",\"publisher\":{\"@id\":\"https:\/\/gb3.ba\/biznis\/#organization\"},\"potentialAction\":[{\"@type\":\"SearchAction\",\"target\":{\"@type\":\"EntryPoint\",\"urlTemplate\":\"https:\/\/gb3.ba\/biznis\/?s={search_term_string}\"},\"query-input\":{\"@type\":\"PropertyValueSpecification\",\"valueRequired\":true,\"valueName\":\"search_term_string\"}}],\"inLanguage\":\"bs-BA\"},{\"@type\":\"Organization\",\"@id\":\"https:\/\/gb3.ba\/biznis\/#organization\",\"name\":\"GB3 - Brend koji osvaja svijet\",\"url\":\"https:\/\/gb3.ba\/biznis\/\",\"logo\":{\"@type\":\"ImageObject\",\"inLanguage\":\"bs-BA\",\"@id\":\"https:\/\/gb3.ba\/biznis\/#\/schema\/logo\/image\/\",\"url\":\"https:\/\/gb3.ba\/biznis\/wp-content\/uploads\/2025\/03\/OG-Image-2025.jpg\",\"contentUrl\":\"https:\/\/gb3.ba\/biznis\/wp-content\/uploads\/2025\/03\/OG-Image-2025.jpg\",\"width\":1200,\"height\":640,\"caption\":\"GB3 - Brend koji osvaja svijet\"},\"image\":{\"@id\":\"https:\/\/gb3.ba\/biznis\/#\/schema\/logo\/image\/\"},\"sameAs\":[\"https:\/\/www.facebook.com\/gbt.gb3.sportska.oprema\",\"https:\/\/www.instagram.com\/gb3_sportska_oprema\/\"]}]}<\/script>\n<!-- \/ Yoast SEO plugin. -->","yoast_head_json":{"title":"Jakna WINTER - SKI 2026 - GB3 - Brend koji osvaja svijet","robots":{"index":"index","follow":"follow","max-snippet":"max-snippet:-1","max-image-preview":"max-image-preview:large","max-video-preview":"max-video-preview:-1"},"canonical":"https:\/\/gb3.ba\/biznis\/proizvod\/jakna-winter-ski-2026\/","og_locale":"bs_BA","og_type":"article","og_title":"Jakna WINTER - SKI 2026 - GB3 - Brend koji osvaja svijet","og_description":"Osnovni model: &#8211; (NordTex\u00ae &#8211; Osnovni materijal ) &#8211; podstava &#8211; materijal \u0160U\u0160KAVAC (GB3 pattern) i POLAR &#8211; unutra\u0161nje kop\u010danje u pojasu &#8211; rajsfer\u0161lusi &#8211; vodonepropusni (YKK) &#8211; lufteri veliki (ispod rukava sa obje strane) &#8211; man\u017eetna s rupom za palac i patnicom za regulaciju &#8211; d\u017eepovi &#8211; 2 donja (vanjski) &#8211; d\u017eep gornji &#8211; [&hellip;]","og_url":"https:\/\/gb3.ba\/biznis\/proizvod\/jakna-winter-ski-2026\/","og_site_name":"GB3 - Brend koji osvaja svijet","article_publisher":"https:\/\/www.facebook.com\/gbt.gb3.sportska.oprema","article_modified_time":"2026-01-29T10:55:47+00:00","og_image":[{"width":1080,"height":1080,"url":"https:\/\/gb3.ba\/biznis\/wp-content\/uploads\/2026\/01\/Storm-Peak.jpg","type":"image\/jpeg"}],"twitter_card":"summary_large_image","twitter_misc":{"Est. reading time":"1 minuta"},"schema":{"@context":"https:\/\/schema.org","@graph":[{"@type":"WebPage","@id":"https:\/\/gb3.ba\/biznis\/proizvod\/jakna-winter-ski-2026\/","url":"https:\/\/gb3.ba\/biznis\/proizvod\/jakna-winter-ski-2026\/","name":"Jakna WINTER - SKI 2026 - GB3 - Brend koji osvaja svijet","isPartOf":{"@id":"https:\/\/gb3.ba\/biznis\/#website"},"primaryImageOfPage":{"@id":"https:\/\/gb3.ba\/biznis\/proizvod\/jakna-winter-ski-2026\/#primaryimage"},"image":{"@id":"https:\/\/gb3.ba\/biznis\/proizvod\/jakna-winter-ski-2026\/#primaryimage"},"thumbnailUrl":"https:\/\/gb3.ba\/biznis\/wp-content\/uploads\/2026\/01\/Storm-Peak.jpg","datePublished":"2026-01-29T10:52:49+00:00","dateModified":"2026-01-29T10:55:47+00:00","breadcrumb":{"@id":"https:\/\/gb3.ba\/biznis\/proizvod\/jakna-winter-ski-2026\/#breadcrumb"},"inLanguage":"bs-BA","potentialAction":[{"@type":"ReadAction","target":["https:\/\/gb3.ba\/biznis\/proizvod\/jakna-winter-ski-2026\/"]}]},{"@type":"ImageObject","inLanguage":"bs-BA","@id":"https:\/\/gb3.ba\/biznis\/proizvod\/jakna-winter-ski-2026\/#primaryimage","url":"https:\/\/gb3.ba\/biznis\/wp-content\/uploads\/2026\/01\/Storm-Peak.jpg","contentUrl":"https:\/\/gb3.ba\/biznis\/wp-content\/uploads\/2026\/01\/Storm-Peak.jpg","width":1080,"height":1080},{"@type":"BreadcrumbList","@id":"https:\/\/gb3.ba\/biznis\/proizvod\/jakna-winter-ski-2026\/#breadcrumb","itemListElement":[{"@type":"ListItem","position":1,"name":"Home","item":"https:\/\/gb3.ba\/biznis\/"},{"@type":"ListItem","position":2,"name":"Trgovina","item":"https:\/\/gb3.ba\/biznis\/trgovina\/"},{"@type":"ListItem","position":3,"name":"Jakna WINTER &#8211; SKI 2026"}]},{"@type":"WebSite","@id":"https:\/\/gb3.ba\/biznis\/#website","url":"https:\/\/gb3.ba\/biznis\/","name":"GB3 - Brend koji osvaja svijet","description":"","publisher":{"@id":"https:\/\/gb3.ba\/biznis\/#organization"},"potentialAction":[{"@type":"SearchAction","target":{"@type":"EntryPoint","urlTemplate":"https:\/\/gb3.ba\/biznis\/?s={search_term_string}"},"query-input":{"@type":"PropertyValueSpecification","valueRequired":true,"valueName":"search_term_string"}}],"inLanguage":"bs-BA"},{"@type":"Organization","@id":"https:\/\/gb3.ba\/biznis\/#organization","name":"GB3 - Brend koji osvaja svijet","url":"https:\/\/gb3.ba\/biznis\/","logo":{"@type":"ImageObject","inLanguage":"bs-BA","@id":"https:\/\/gb3.ba\/biznis\/#\/schema\/logo\/image\/","url":"https:\/\/gb3.ba\/biznis\/wp-content\/uploads\/2025\/03\/OG-Image-2025.jpg","contentUrl":"https:\/\/gb3.ba\/biznis\/wp-content\/uploads\/2025\/03\/OG-Image-2025.jpg","width":1200,"height":640,"caption":"GB3 - Brend koji osvaja svijet"},"image":{"@id":"https:\/\/gb3.ba\/biznis\/#\/schema\/logo\/image\/"},"sameAs":["https:\/\/www.facebook.com\/gbt.gb3.sportska.oprema","https:\/\/www.instagram.com\/gb3_sportska_oprema\/"]}]}},"_links":{"self":[{"href":"https:\/\/gb3.ba\/biznis\/wp-json\/wp\/v2\/product\/43844","targetHints":{"allow":["GET"]}}],"collection":[{"href":"https:\/\/gb3.ba\/biznis\/wp-json\/wp\/v2\/product"}],"about":[{"href":"https:\/\/gb3.ba\/biznis\/wp-json\/wp\/v2\/types\/product"}],"replies":[{"embeddable":true,"href":"https:\/\/gb3.ba\/biznis\/wp-json\/wp\/v2\/comments?post=43844"}],"wp:featuredmedia":[{"embeddable":true,"href":"https:\/\/gb3.ba\/biznis\/wp-json\/wp\/v2\/media\/43845"}],"wp:attachment":[{"href":"https:\/\/gb3.ba\/biznis\/wp-json\/wp\/v2\/media?parent=43844"}],"wp:term":[{"taxonomy":"product_brand","embeddable":true,"href":"https:\/\/gb3.ba\/biznis\/wp-json\/wp\/v2\/product_brand?post=43844"},{"taxonomy":"product_cat","embeddable":true,"href":"https:\/\/gb3.ba\/biznis\/wp-json\/wp\/v2\/product_cat?post=43844"},{"taxonomy":"product_tag","embeddable":true,"href":"https:\/\/gb3.ba\/biznis\/wp-json\/wp\/v2\/product_tag?post=43844"}],"curies":[{"name":"wp","href":"https:\/\/api.w.org\/{rel}","templated":true}]}}