{"id":42230,"date":"2025-02-28T17:20:31","date_gmt":"2025-02-28T17:20:31","guid":{"rendered":"https:\/\/gb3.ba\/biznis\/?post_type=product&#038;p=42230"},"modified":"2025-02-28T17:20:44","modified_gmt":"2025-02-28T17:20:44","slug":"corse-dvoslojna-visekratna-periva-maska","status":"publish","type":"product","link":"https:\/\/gb3.ba\/biznis\/proizvod\/corse-dvoslojna-visekratna-periva-maska\/","title":{"rendered":"CORSE &#8211; dvoslojna vi\u0161ekratna periva maska"},"content":{"rendered":"<p>TANJA \u2013 dvoslojna vi\u0161ekratna periva maska sa sublimacionom \u0161tampom.<\/p>\n<p>Dostupna u veli\u010dinama: S, L, M, XL \u2013 tako\u0111e su dostupne i dje\u010dije maske<\/p>\n","protected":false},"excerpt":{"rendered":"<p>Dvoslojna vi\u0161ekratna periva maska sa sublimacionom \u0161tampom.<\/p>\n","protected":false},"featured_media":41405,"comment_status":"closed","ping_status":"closed","template":"","meta":[],"product_brand":[],"product_cat":[790,791,788,789],"product_tag":[228,333,361,362,417,419,579,596],"class_list":{"0":"post-42230","1":"product","2":"type-product","3":"status-publish","4":"has-post-thumbnail","6":"product_cat-pamucna-maska","7":"product_cat-stampana-maska","8":"product_cat-zastitna-oprema","9":"product_cat-zastitne-maske","10":"product_tag-gb3","11":"product_tag-lice","12":"product_tag-maska","13":"product_tag-maska-za-lice","14":"product_tag-pamucna","15":"product_tag-pamuk","16":"product_tag-stampa","17":"product_tag-sublimacija","19":"first","20":"instock","21":"shipping-taxable","22":"purchasable","23":"product-type-simple"},"yoast_head":"<!-- This site is optimized with the Yoast SEO plugin v24.7 - https:\/\/yoast.com\/wordpress\/plugins\/seo\/ -->\n<title>CORSE - dvoslojna vi\u0161ekratna periva maska - GB3 - Brend koji osvaja svijet<\/title>\n<meta name=\"robots\" content=\"index, follow, max-snippet:-1, max-image-preview:large, max-video-preview:-1\" \/>\n<link rel=\"canonical\" href=\"https:\/\/gb3.ba\/biznis\/proizvod\/corse-dvoslojna-visekratna-periva-maska\/\" \/>\n<meta property=\"og:locale\" content=\"bs_BA\" \/>\n<meta property=\"og:type\" content=\"article\" \/>\n<meta property=\"og:title\" content=\"CORSE - dvoslojna vi\u0161ekratna periva maska - GB3 - Brend koji osvaja svijet\" \/>\n<meta property=\"og:description\" content=\"Dvoslojna vi\u0161ekratna periva maska sa sublimacionom \u0161tampom.\" \/>\n<meta property=\"og:url\" content=\"https:\/\/gb3.ba\/biznis\/proizvod\/corse-dvoslojna-visekratna-periva-maska\/\" \/>\n<meta property=\"og:site_name\" content=\"GB3 - Brend koji osvaja svijet\" \/>\n<meta property=\"article:publisher\" content=\"https:\/\/www.facebook.com\/gbt.gb3.sportska.oprema\" \/>\n<meta property=\"article:modified_time\" content=\"2025-02-28T17:20:44+00:00\" \/>\n<meta property=\"og:image\" content=\"https:\/\/gb3.ba\/biznis\/wp-content\/uploads\/2025\/02\/maska_0003_dsc_3306.jpg\" \/>\n\t<meta property=\"og:image:width\" content=\"1080\" \/>\n\t<meta property=\"og:image:height\" content=\"1080\" \/>\n\t<meta property=\"og:image:type\" content=\"image\/jpeg\" \/>\n<meta name=\"twitter:card\" content=\"summary_large_image\" \/>\n<script type=\"application\/ld+json\" class=\"yoast-schema-graph\">{\"@context\":\"https:\/\/schema.org\",\"@graph\":[{\"@type\":\"WebPage\",\"@id\":\"https:\/\/gb3.ba\/biznis\/proizvod\/corse-dvoslojna-visekratna-periva-maska\/\",\"url\":\"https:\/\/gb3.ba\/biznis\/proizvod\/corse-dvoslojna-visekratna-periva-maska\/\",\"name\":\"CORSE - dvoslojna vi\u0161ekratna periva maska - GB3 - Brend koji osvaja svijet\",\"isPartOf\":{\"@id\":\"https:\/\/gb3.ba\/biznis\/#website\"},\"primaryImageOfPage\":{\"@id\":\"https:\/\/gb3.ba\/biznis\/proizvod\/corse-dvoslojna-visekratna-periva-maska\/#primaryimage\"},\"image\":{\"@id\":\"https:\/\/gb3.ba\/biznis\/proizvod\/corse-dvoslojna-visekratna-periva-maska\/#primaryimage\"},\"thumbnailUrl\":\"https:\/\/gb3.ba\/biznis\/wp-content\/uploads\/2025\/02\/maska_0003_dsc_3306.jpg\",\"datePublished\":\"2025-02-28T17:20:31+00:00\",\"dateModified\":\"2025-02-28T17:20:44+00:00\",\"breadcrumb\":{\"@id\":\"https:\/\/gb3.ba\/biznis\/proizvod\/corse-dvoslojna-visekratna-periva-maska\/#breadcrumb\"},\"inLanguage\":\"bs-BA\",\"potentialAction\":[{\"@type\":\"ReadAction\",\"target\":[\"https:\/\/gb3.ba\/biznis\/proizvod\/corse-dvoslojna-visekratna-periva-maska\/\"]}]},{\"@type\":\"ImageObject\",\"inLanguage\":\"bs-BA\",\"@id\":\"https:\/\/gb3.ba\/biznis\/proizvod\/corse-dvoslojna-visekratna-periva-maska\/#primaryimage\",\"url\":\"https:\/\/gb3.ba\/biznis\/wp-content\/uploads\/2025\/02\/maska_0003_dsc_3306.jpg\",\"contentUrl\":\"https:\/\/gb3.ba\/biznis\/wp-content\/uploads\/2025\/02\/maska_0003_dsc_3306.jpg\",\"width\":1080,\"height\":1080},{\"@type\":\"BreadcrumbList\",\"@id\":\"https:\/\/gb3.ba\/biznis\/proizvod\/corse-dvoslojna-visekratna-periva-maska\/#breadcrumb\",\"itemListElement\":[{\"@type\":\"ListItem\",\"position\":1,\"name\":\"Home\",\"item\":\"https:\/\/gb3.ba\/biznis\/\"},{\"@type\":\"ListItem\",\"position\":2,\"name\":\"Trgovina\",\"item\":\"https:\/\/gb3.ba\/biznis\/trgovina\/\"},{\"@type\":\"ListItem\",\"position\":3,\"name\":\"CORSE &#8211; dvoslojna vi\u0161ekratna periva maska\"}]},{\"@type\":\"WebSite\",\"@id\":\"https:\/\/gb3.ba\/biznis\/#website\",\"url\":\"https:\/\/gb3.ba\/biznis\/\",\"name\":\"GB3 - Brend koji osvaja svijet\",\"description\":\"\",\"publisher\":{\"@id\":\"https:\/\/gb3.ba\/biznis\/#organization\"},\"potentialAction\":[{\"@type\":\"SearchAction\",\"target\":{\"@type\":\"EntryPoint\",\"urlTemplate\":\"https:\/\/gb3.ba\/biznis\/?s={search_term_string}\"},\"query-input\":{\"@type\":\"PropertyValueSpecification\",\"valueRequired\":true,\"valueName\":\"search_term_string\"}}],\"inLanguage\":\"bs-BA\"},{\"@type\":\"Organization\",\"@id\":\"https:\/\/gb3.ba\/biznis\/#organization\",\"name\":\"GB3 - Brend koji osvaja svijet\",\"url\":\"https:\/\/gb3.ba\/biznis\/\",\"logo\":{\"@type\":\"ImageObject\",\"inLanguage\":\"bs-BA\",\"@id\":\"https:\/\/gb3.ba\/biznis\/#\/schema\/logo\/image\/\",\"url\":\"https:\/\/gb3.ba\/biznis\/wp-content\/uploads\/2025\/03\/OG-Image-2025.jpg\",\"contentUrl\":\"https:\/\/gb3.ba\/biznis\/wp-content\/uploads\/2025\/03\/OG-Image-2025.jpg\",\"width\":1200,\"height\":640,\"caption\":\"GB3 - Brend koji osvaja svijet\"},\"image\":{\"@id\":\"https:\/\/gb3.ba\/biznis\/#\/schema\/logo\/image\/\"},\"sameAs\":[\"https:\/\/www.facebook.com\/gbt.gb3.sportska.oprema\",\"https:\/\/www.instagram.com\/gb3_sportska_oprema\/\"]}]}<\/script>\n<!-- \/ Yoast SEO plugin. -->","yoast_head_json":{"title":"CORSE - dvoslojna vi\u0161ekratna periva maska - GB3 - Brend koji osvaja svijet","robots":{"index":"index","follow":"follow","max-snippet":"max-snippet:-1","max-image-preview":"max-image-preview:large","max-video-preview":"max-video-preview:-1"},"canonical":"https:\/\/gb3.ba\/biznis\/proizvod\/corse-dvoslojna-visekratna-periva-maska\/","og_locale":"bs_BA","og_type":"article","og_title":"CORSE - dvoslojna vi\u0161ekratna periva maska - GB3 - Brend koji osvaja svijet","og_description":"Dvoslojna vi\u0161ekratna periva maska sa sublimacionom \u0161tampom.","og_url":"https:\/\/gb3.ba\/biznis\/proizvod\/corse-dvoslojna-visekratna-periva-maska\/","og_site_name":"GB3 - Brend koji osvaja svijet","article_publisher":"https:\/\/www.facebook.com\/gbt.gb3.sportska.oprema","article_modified_time":"2025-02-28T17:20:44+00:00","og_image":[{"width":1080,"height":1080,"url":"https:\/\/gb3.ba\/biznis\/wp-content\/uploads\/2025\/02\/maska_0003_dsc_3306.jpg","type":"image\/jpeg"}],"twitter_card":"summary_large_image","schema":{"@context":"https:\/\/schema.org","@graph":[{"@type":"WebPage","@id":"https:\/\/gb3.ba\/biznis\/proizvod\/corse-dvoslojna-visekratna-periva-maska\/","url":"https:\/\/gb3.ba\/biznis\/proizvod\/corse-dvoslojna-visekratna-periva-maska\/","name":"CORSE - dvoslojna vi\u0161ekratna periva maska - GB3 - Brend koji osvaja svijet","isPartOf":{"@id":"https:\/\/gb3.ba\/biznis\/#website"},"primaryImageOfPage":{"@id":"https:\/\/gb3.ba\/biznis\/proizvod\/corse-dvoslojna-visekratna-periva-maska\/#primaryimage"},"image":{"@id":"https:\/\/gb3.ba\/biznis\/proizvod\/corse-dvoslojna-visekratna-periva-maska\/#primaryimage"},"thumbnailUrl":"https:\/\/gb3.ba\/biznis\/wp-content\/uploads\/2025\/02\/maska_0003_dsc_3306.jpg","datePublished":"2025-02-28T17:20:31+00:00","dateModified":"2025-02-28T17:20:44+00:00","breadcrumb":{"@id":"https:\/\/gb3.ba\/biznis\/proizvod\/corse-dvoslojna-visekratna-periva-maska\/#breadcrumb"},"inLanguage":"bs-BA","potentialAction":[{"@type":"ReadAction","target":["https:\/\/gb3.ba\/biznis\/proizvod\/corse-dvoslojna-visekratna-periva-maska\/"]}]},{"@type":"ImageObject","inLanguage":"bs-BA","@id":"https:\/\/gb3.ba\/biznis\/proizvod\/corse-dvoslojna-visekratna-periva-maska\/#primaryimage","url":"https:\/\/gb3.ba\/biznis\/wp-content\/uploads\/2025\/02\/maska_0003_dsc_3306.jpg","contentUrl":"https:\/\/gb3.ba\/biznis\/wp-content\/uploads\/2025\/02\/maska_0003_dsc_3306.jpg","width":1080,"height":1080},{"@type":"BreadcrumbList","@id":"https:\/\/gb3.ba\/biznis\/proizvod\/corse-dvoslojna-visekratna-periva-maska\/#breadcrumb","itemListElement":[{"@type":"ListItem","position":1,"name":"Home","item":"https:\/\/gb3.ba\/biznis\/"},{"@type":"ListItem","position":2,"name":"Trgovina","item":"https:\/\/gb3.ba\/biznis\/trgovina\/"},{"@type":"ListItem","position":3,"name":"CORSE &#8211; dvoslojna vi\u0161ekratna periva maska"}]},{"@type":"WebSite","@id":"https:\/\/gb3.ba\/biznis\/#website","url":"https:\/\/gb3.ba\/biznis\/","name":"GB3 - Brend koji osvaja svijet","description":"","publisher":{"@id":"https:\/\/gb3.ba\/biznis\/#organization"},"potentialAction":[{"@type":"SearchAction","target":{"@type":"EntryPoint","urlTemplate":"https:\/\/gb3.ba\/biznis\/?s={search_term_string}"},"query-input":{"@type":"PropertyValueSpecification","valueRequired":true,"valueName":"search_term_string"}}],"inLanguage":"bs-BA"},{"@type":"Organization","@id":"https:\/\/gb3.ba\/biznis\/#organization","name":"GB3 - Brend koji osvaja svijet","url":"https:\/\/gb3.ba\/biznis\/","logo":{"@type":"ImageObject","inLanguage":"bs-BA","@id":"https:\/\/gb3.ba\/biznis\/#\/schema\/logo\/image\/","url":"https:\/\/gb3.ba\/biznis\/wp-content\/uploads\/2025\/03\/OG-Image-2025.jpg","contentUrl":"https:\/\/gb3.ba\/biznis\/wp-content\/uploads\/2025\/03\/OG-Image-2025.jpg","width":1200,"height":640,"caption":"GB3 - Brend koji osvaja svijet"},"image":{"@id":"https:\/\/gb3.ba\/biznis\/#\/schema\/logo\/image\/"},"sameAs":["https:\/\/www.facebook.com\/gbt.gb3.sportska.oprema","https:\/\/www.instagram.com\/gb3_sportska_oprema\/"]}]}},"_links":{"self":[{"href":"https:\/\/gb3.ba\/biznis\/wp-json\/wp\/v2\/product\/42230","targetHints":{"allow":["GET"]}}],"collection":[{"href":"https:\/\/gb3.ba\/biznis\/wp-json\/wp\/v2\/product"}],"about":[{"href":"https:\/\/gb3.ba\/biznis\/wp-json\/wp\/v2\/types\/product"}],"replies":[{"embeddable":true,"href":"https:\/\/gb3.ba\/biznis\/wp-json\/wp\/v2\/comments?post=42230"}],"wp:featuredmedia":[{"embeddable":true,"href":"https:\/\/gb3.ba\/biznis\/wp-json\/wp\/v2\/media\/41405"}],"wp:attachment":[{"href":"https:\/\/gb3.ba\/biznis\/wp-json\/wp\/v2\/media?parent=42230"}],"wp:term":[{"taxonomy":"product_brand","embeddable":true,"href":"https:\/\/gb3.ba\/biznis\/wp-json\/wp\/v2\/product_brand?post=42230"},{"taxonomy":"product_cat","embeddable":true,"href":"https:\/\/gb3.ba\/biznis\/wp-json\/wp\/v2\/product_cat?post=42230"},{"taxonomy":"product_tag","embeddable":true,"href":"https:\/\/gb3.ba\/biznis\/wp-json\/wp\/v2\/product_tag?post=42230"}],"curies":[{"name":"wp","href":"https:\/\/api.w.org\/{rel}","templated":true}]}}