{"id":42145,"date":"2025-02-28T17:19:50","date_gmt":"2025-02-28T17:19:50","guid":{"rendered":"https:\/\/gb3.ba\/biznis\/?post_type=product&#038;p=42145"},"modified":"2025-02-28T17:19:54","modified_gmt":"2025-02-28T17:19:54","slug":"zastitni-pult","status":"publish","type":"product","link":"https:\/\/gb3.ba\/biznis\/proizvod\/zastitni-pult\/","title":{"rendered":"Za\u0161titni Pult"},"content":{"rendered":"<p>PVC za\u0161titna barijera za prodajne pulteve i \u0161altere.<\/p>\n","protected":false},"excerpt":{"rendered":"<p>PVC za\u0161titna barijera za prodajne pulteve i \u0161altere.<\/p>\n","protected":false},"featured_media":41061,"comment_status":"closed","ping_status":"closed","template":"","meta":[],"product_brand":[],"product_cat":[788,794],"product_tag":[],"class_list":{"0":"post-42145","1":"product","2":"type-product","3":"status-publish","4":"has-post-thumbnail","6":"product_cat-zastitna-oprema","7":"product_cat-zastitni-pult","9":"first","10":"instock","11":"shipping-taxable","12":"purchasable","13":"product-type-simple"},"yoast_head":"<!-- This site is optimized with the Yoast SEO plugin v24.7 - https:\/\/yoast.com\/wordpress\/plugins\/seo\/ -->\n<title>Za\u0161titni Pult - GB3 - Brend koji osvaja svijet<\/title>\n<meta name=\"robots\" content=\"index, follow, max-snippet:-1, max-image-preview:large, max-video-preview:-1\" \/>\n<link rel=\"canonical\" href=\"https:\/\/gb3.ba\/biznis\/proizvod\/zastitni-pult\/\" \/>\n<meta property=\"og:locale\" content=\"bs_BA\" \/>\n<meta property=\"og:type\" content=\"article\" \/>\n<meta property=\"og:title\" content=\"Za\u0161titni Pult - GB3 - Brend koji osvaja svijet\" \/>\n<meta property=\"og:description\" content=\"PVC za\u0161titna barijera za prodajne pulteve i \u0161altere.\" \/>\n<meta property=\"og:url\" content=\"https:\/\/gb3.ba\/biznis\/proizvod\/zastitni-pult\/\" \/>\n<meta property=\"og:site_name\" content=\"GB3 - Brend koji osvaja svijet\" \/>\n<meta property=\"article:publisher\" content=\"https:\/\/www.facebook.com\/gbt.gb3.sportska.oprema\" \/>\n<meta property=\"article:modified_time\" content=\"2025-02-28T17:19:54+00:00\" \/>\n<meta property=\"og:image\" content=\"https:\/\/gb3.ba\/biznis\/wp-content\/uploads\/2025\/02\/01-4-1.jpg\" \/>\n\t<meta property=\"og:image:width\" content=\"1512\" \/>\n\t<meta property=\"og:image:height\" content=\"1080\" \/>\n\t<meta property=\"og:image:type\" content=\"image\/jpeg\" \/>\n<meta name=\"twitter:card\" content=\"summary_large_image\" \/>\n<script type=\"application\/ld+json\" class=\"yoast-schema-graph\">{\"@context\":\"https:\/\/schema.org\",\"@graph\":[{\"@type\":\"WebPage\",\"@id\":\"https:\/\/gb3.ba\/biznis\/proizvod\/zastitni-pult\/\",\"url\":\"https:\/\/gb3.ba\/biznis\/proizvod\/zastitni-pult\/\",\"name\":\"Za\u0161titni Pult - GB3 - Brend koji osvaja svijet\",\"isPartOf\":{\"@id\":\"https:\/\/gb3.ba\/biznis\/#website\"},\"primaryImageOfPage\":{\"@id\":\"https:\/\/gb3.ba\/biznis\/proizvod\/zastitni-pult\/#primaryimage\"},\"image\":{\"@id\":\"https:\/\/gb3.ba\/biznis\/proizvod\/zastitni-pult\/#primaryimage\"},\"thumbnailUrl\":\"https:\/\/gb3.ba\/biznis\/wp-content\/uploads\/2025\/02\/01-4-1.jpg\",\"datePublished\":\"2025-02-28T17:19:50+00:00\",\"dateModified\":\"2025-02-28T17:19:54+00:00\",\"breadcrumb\":{\"@id\":\"https:\/\/gb3.ba\/biznis\/proizvod\/zastitni-pult\/#breadcrumb\"},\"inLanguage\":\"bs-BA\",\"potentialAction\":[{\"@type\":\"ReadAction\",\"target\":[\"https:\/\/gb3.ba\/biznis\/proizvod\/zastitni-pult\/\"]}]},{\"@type\":\"ImageObject\",\"inLanguage\":\"bs-BA\",\"@id\":\"https:\/\/gb3.ba\/biznis\/proizvod\/zastitni-pult\/#primaryimage\",\"url\":\"https:\/\/gb3.ba\/biznis\/wp-content\/uploads\/2025\/02\/01-4-1.jpg\",\"contentUrl\":\"https:\/\/gb3.ba\/biznis\/wp-content\/uploads\/2025\/02\/01-4-1.jpg\",\"width\":1512,\"height\":1080},{\"@type\":\"BreadcrumbList\",\"@id\":\"https:\/\/gb3.ba\/biznis\/proizvod\/zastitni-pult\/#breadcrumb\",\"itemListElement\":[{\"@type\":\"ListItem\",\"position\":1,\"name\":\"Home\",\"item\":\"https:\/\/gb3.ba\/biznis\/\"},{\"@type\":\"ListItem\",\"position\":2,\"name\":\"Trgovina\",\"item\":\"https:\/\/gb3.ba\/biznis\/trgovina\/\"},{\"@type\":\"ListItem\",\"position\":3,\"name\":\"Za\u0161titni Pult\"}]},{\"@type\":\"WebSite\",\"@id\":\"https:\/\/gb3.ba\/biznis\/#website\",\"url\":\"https:\/\/gb3.ba\/biznis\/\",\"name\":\"GB3 - Brend koji osvaja svijet\",\"description\":\"\",\"publisher\":{\"@id\":\"https:\/\/gb3.ba\/biznis\/#organization\"},\"potentialAction\":[{\"@type\":\"SearchAction\",\"target\":{\"@type\":\"EntryPoint\",\"urlTemplate\":\"https:\/\/gb3.ba\/biznis\/?s={search_term_string}\"},\"query-input\":{\"@type\":\"PropertyValueSpecification\",\"valueRequired\":true,\"valueName\":\"search_term_string\"}}],\"inLanguage\":\"bs-BA\"},{\"@type\":\"Organization\",\"@id\":\"https:\/\/gb3.ba\/biznis\/#organization\",\"name\":\"GB3 - Brend koji osvaja svijet\",\"url\":\"https:\/\/gb3.ba\/biznis\/\",\"logo\":{\"@type\":\"ImageObject\",\"inLanguage\":\"bs-BA\",\"@id\":\"https:\/\/gb3.ba\/biznis\/#\/schema\/logo\/image\/\",\"url\":\"https:\/\/gb3.ba\/biznis\/wp-content\/uploads\/2025\/03\/OG-Image-2025.jpg\",\"contentUrl\":\"https:\/\/gb3.ba\/biznis\/wp-content\/uploads\/2025\/03\/OG-Image-2025.jpg\",\"width\":1200,\"height\":640,\"caption\":\"GB3 - Brend koji osvaja svijet\"},\"image\":{\"@id\":\"https:\/\/gb3.ba\/biznis\/#\/schema\/logo\/image\/\"},\"sameAs\":[\"https:\/\/www.facebook.com\/gbt.gb3.sportska.oprema\",\"https:\/\/www.instagram.com\/gb3_sportska_oprema\/\"]}]}<\/script>\n<!-- \/ Yoast SEO plugin. -->","yoast_head_json":{"title":"Za\u0161titni Pult - GB3 - Brend koji osvaja svijet","robots":{"index":"index","follow":"follow","max-snippet":"max-snippet:-1","max-image-preview":"max-image-preview:large","max-video-preview":"max-video-preview:-1"},"canonical":"https:\/\/gb3.ba\/biznis\/proizvod\/zastitni-pult\/","og_locale":"bs_BA","og_type":"article","og_title":"Za\u0161titni Pult - GB3 - Brend koji osvaja svijet","og_description":"PVC za\u0161titna barijera za prodajne pulteve i \u0161altere.","og_url":"https:\/\/gb3.ba\/biznis\/proizvod\/zastitni-pult\/","og_site_name":"GB3 - Brend koji osvaja svijet","article_publisher":"https:\/\/www.facebook.com\/gbt.gb3.sportska.oprema","article_modified_time":"2025-02-28T17:19:54+00:00","og_image":[{"width":1512,"height":1080,"url":"https:\/\/gb3.ba\/biznis\/wp-content\/uploads\/2025\/02\/01-4-1.jpg","type":"image\/jpeg"}],"twitter_card":"summary_large_image","schema":{"@context":"https:\/\/schema.org","@graph":[{"@type":"WebPage","@id":"https:\/\/gb3.ba\/biznis\/proizvod\/zastitni-pult\/","url":"https:\/\/gb3.ba\/biznis\/proizvod\/zastitni-pult\/","name":"Za\u0161titni Pult - GB3 - Brend koji osvaja svijet","isPartOf":{"@id":"https:\/\/gb3.ba\/biznis\/#website"},"primaryImageOfPage":{"@id":"https:\/\/gb3.ba\/biznis\/proizvod\/zastitni-pult\/#primaryimage"},"image":{"@id":"https:\/\/gb3.ba\/biznis\/proizvod\/zastitni-pult\/#primaryimage"},"thumbnailUrl":"https:\/\/gb3.ba\/biznis\/wp-content\/uploads\/2025\/02\/01-4-1.jpg","datePublished":"2025-02-28T17:19:50+00:00","dateModified":"2025-02-28T17:19:54+00:00","breadcrumb":{"@id":"https:\/\/gb3.ba\/biznis\/proizvod\/zastitni-pult\/#breadcrumb"},"inLanguage":"bs-BA","potentialAction":[{"@type":"ReadAction","target":["https:\/\/gb3.ba\/biznis\/proizvod\/zastitni-pult\/"]}]},{"@type":"ImageObject","inLanguage":"bs-BA","@id":"https:\/\/gb3.ba\/biznis\/proizvod\/zastitni-pult\/#primaryimage","url":"https:\/\/gb3.ba\/biznis\/wp-content\/uploads\/2025\/02\/01-4-1.jpg","contentUrl":"https:\/\/gb3.ba\/biznis\/wp-content\/uploads\/2025\/02\/01-4-1.jpg","width":1512,"height":1080},{"@type":"BreadcrumbList","@id":"https:\/\/gb3.ba\/biznis\/proizvod\/zastitni-pult\/#breadcrumb","itemListElement":[{"@type":"ListItem","position":1,"name":"Home","item":"https:\/\/gb3.ba\/biznis\/"},{"@type":"ListItem","position":2,"name":"Trgovina","item":"https:\/\/gb3.ba\/biznis\/trgovina\/"},{"@type":"ListItem","position":3,"name":"Za\u0161titni Pult"}]},{"@type":"WebSite","@id":"https:\/\/gb3.ba\/biznis\/#website","url":"https:\/\/gb3.ba\/biznis\/","name":"GB3 - Brend koji osvaja svijet","description":"","publisher":{"@id":"https:\/\/gb3.ba\/biznis\/#organization"},"potentialAction":[{"@type":"SearchAction","target":{"@type":"EntryPoint","urlTemplate":"https:\/\/gb3.ba\/biznis\/?s={search_term_string}"},"query-input":{"@type":"PropertyValueSpecification","valueRequired":true,"valueName":"search_term_string"}}],"inLanguage":"bs-BA"},{"@type":"Organization","@id":"https:\/\/gb3.ba\/biznis\/#organization","name":"GB3 - Brend koji osvaja svijet","url":"https:\/\/gb3.ba\/biznis\/","logo":{"@type":"ImageObject","inLanguage":"bs-BA","@id":"https:\/\/gb3.ba\/biznis\/#\/schema\/logo\/image\/","url":"https:\/\/gb3.ba\/biznis\/wp-content\/uploads\/2025\/03\/OG-Image-2025.jpg","contentUrl":"https:\/\/gb3.ba\/biznis\/wp-content\/uploads\/2025\/03\/OG-Image-2025.jpg","width":1200,"height":640,"caption":"GB3 - Brend koji osvaja svijet"},"image":{"@id":"https:\/\/gb3.ba\/biznis\/#\/schema\/logo\/image\/"},"sameAs":["https:\/\/www.facebook.com\/gbt.gb3.sportska.oprema","https:\/\/www.instagram.com\/gb3_sportska_oprema\/"]}]}},"_links":{"self":[{"href":"https:\/\/gb3.ba\/biznis\/wp-json\/wp\/v2\/product\/42145","targetHints":{"allow":["GET"]}}],"collection":[{"href":"https:\/\/gb3.ba\/biznis\/wp-json\/wp\/v2\/product"}],"about":[{"href":"https:\/\/gb3.ba\/biznis\/wp-json\/wp\/v2\/types\/product"}],"replies":[{"embeddable":true,"href":"https:\/\/gb3.ba\/biznis\/wp-json\/wp\/v2\/comments?post=42145"}],"wp:featuredmedia":[{"embeddable":true,"href":"https:\/\/gb3.ba\/biznis\/wp-json\/wp\/v2\/media\/41061"}],"wp:attachment":[{"href":"https:\/\/gb3.ba\/biznis\/wp-json\/wp\/v2\/media?parent=42145"}],"wp:term":[{"taxonomy":"product_brand","embeddable":true,"href":"https:\/\/gb3.ba\/biznis\/wp-json\/wp\/v2\/product_brand?post=42145"},{"taxonomy":"product_cat","embeddable":true,"href":"https:\/\/gb3.ba\/biznis\/wp-json\/wp\/v2\/product_cat?post=42145"},{"taxonomy":"product_tag","embeddable":true,"href":"https:\/\/gb3.ba\/biznis\/wp-json\/wp\/v2\/product_tag?post=42145"}],"curies":[{"name":"wp","href":"https:\/\/api.w.org\/{rel}","templated":true}]}}