{"id":12849,"date":"2022-10-06T14:14:19","date_gmt":"2022-10-06T12:14:19","guid":{"rendered":"https:\/\/gb3.ba\/biznis\/?post_type=product&amp;p=12849"},"modified":"2022-10-06T14:14:19","modified_gmt":"2022-10-06T12:14:19","slug":"jakna-soft-shell-classic-bez-postave-2","status":"publish","type":"product","link":"https:\/\/gb3.ba\/biznis\/proizvod\/jakna-soft-shell-classic-bez-postave-2\/","title":{"rendered":"Jakna Soft Shell Classic (bez postave)"},"content":{"rendered":"<p>Soft shell jakna, izra\u0111ena od najkvalitetnijeg Soft Shell materijala, vodonepropusna i vjetronepropusna prilago\u0111ena za sve zimske uslove.<br \/>\nMogu\u0107a i u full color print-u<\/p>\n<ul>\n<li>Mu\u0161ka (ravna)<\/li>\n<li>\u017denska (strukirana)<\/li>\n<\/ul>\n<p><strong>Osnovni model:<\/strong><\/p>\n<p>&#8211; d\u017eepovi &#8211; 2 donja (vanjski)<br \/>\n&#8211; d\u017eep na rukavu (lijevi rukav)<br \/>\n&#8211; klasi\u010dni rajsfer\u0161lusi<\/p>\n<p><strong>Dodaci:<\/strong><\/p>\n<p>&#8211; gornji d\u017eep lijevi (vanjski)<br \/>\n&#8211; gornji d\u017eep desni (vanjski)<br \/>\n&#8211; lufter (lijeva strana)<br \/>\n&#8211; lufter (desna strana)<br \/>\n&#8211; skidanje rukava<br \/>\n&#8211; Izrez sa lijeve\/desne strane za oru\u017eje<br \/>\n&#8211; kapulja\u010da (mogu\u0107nost skidanja &#8211; rajsfer\u0161lus)<br \/>\n&#8211; sublimacioni materijal (komplet \u0161tampa jakne)<\/p>\n","protected":false},"excerpt":{"rendered":"<p>Soft shell jakna, izra\u0111ena od najkvalitetnijeg Soft Shell materijala, vodonepropusna i vjetronepropusna prilago\u0111ena za sve zimske uslove. Mogu\u0107a i u full color print-u Mu\u0161ka (ravna) \u017denska (strukirana) Osnovni model: &#8211; d\u017eepovi &#8211; 2 donja (vanjski) &#8211; d\u017eep na rukavu (lijevi rukav) &#8211; klasi\u010dni rajsfer\u0161lusi Dodaci: &#8211; gornji d\u017eep lijevi (vanjski) &#8211; gornji d\u017eep desni (vanjski) [&hellip;]<\/p>\n","protected":false},"featured_media":12851,"comment_status":"closed","ping_status":"closed","template":"","meta":[],"product_brand":[],"product_cat":[821,766],"product_tag":[121,261,386,543,561,596,714],"class_list":{"0":"post-12849","1":"product","2":"type-product","3":"status-publish","4":"has-post-thumbnail","6":"product_cat-jakne","7":"product_cat-odjeca","8":"product_tag-bez-postave","9":"product_tag-jakna","10":"product_tag-muska","11":"product_tag-shell","12":"product_tag-soft","13":"product_tag-sublimacija","14":"product_tag-zenska","16":"first","17":"instock","18":"shipping-taxable","19":"purchasable","20":"product-type-simple"},"yoast_head":"<!-- This site is optimized with the Yoast SEO plugin v24.7 - https:\/\/yoast.com\/wordpress\/plugins\/seo\/ -->\n<title>Jakna Soft Shell Classic (bez postave) - GB3 - Brend koji osvaja svijet<\/title>\n<meta name=\"robots\" content=\"index, follow, max-snippet:-1, max-image-preview:large, max-video-preview:-1\" \/>\n<link rel=\"canonical\" href=\"https:\/\/gb3.ba\/biznis\/proizvod\/jakna-soft-shell-classic-bez-postave-2\/\" \/>\n<meta property=\"og:locale\" content=\"bs_BA\" \/>\n<meta property=\"og:type\" content=\"article\" \/>\n<meta property=\"og:title\" content=\"Jakna Soft Shell Classic (bez postave) - GB3 - Brend koji osvaja svijet\" \/>\n<meta property=\"og:description\" content=\"Soft shell jakna, izra\u0111ena od najkvalitetnijeg Soft Shell materijala, vodonepropusna i vjetronepropusna prilago\u0111ena za sve zimske uslove. Mogu\u0107a i u full color print-u Mu\u0161ka (ravna) \u017denska (strukirana) Osnovni model: &#8211; d\u017eepovi &#8211; 2 donja (vanjski) &#8211; d\u017eep na rukavu (lijevi rukav) &#8211; klasi\u010dni rajsfer\u0161lusi Dodaci: &#8211; gornji d\u017eep lijevi (vanjski) &#8211; gornji d\u017eep desni (vanjski) [&hellip;]\" \/>\n<meta property=\"og:url\" content=\"https:\/\/gb3.ba\/biznis\/proizvod\/jakna-soft-shell-classic-bez-postave-2\/\" \/>\n<meta property=\"og:site_name\" content=\"GB3 - Brend koji osvaja svijet\" \/>\n<meta property=\"article:publisher\" content=\"https:\/\/www.facebook.com\/gbt.gb3.sportska.oprema\" \/>\n<meta property=\"og:image\" content=\"https:\/\/gb3.ba\/biznis\/wp-content\/uploads\/2022\/10\/WEB-SoftShell-Skidanje-rukava-4.jpg\" \/>\n\t<meta property=\"og:image:width\" content=\"1080\" \/>\n\t<meta property=\"og:image:height\" content=\"1080\" \/>\n\t<meta property=\"og:image:type\" content=\"image\/jpeg\" \/>\n<meta name=\"twitter:card\" content=\"summary_large_image\" \/>\n<script type=\"application\/ld+json\" class=\"yoast-schema-graph\">{\"@context\":\"https:\/\/schema.org\",\"@graph\":[{\"@type\":\"WebPage\",\"@id\":\"https:\/\/gb3.ba\/biznis\/proizvod\/jakna-soft-shell-classic-bez-postave-2\/\",\"url\":\"https:\/\/gb3.ba\/biznis\/proizvod\/jakna-soft-shell-classic-bez-postave-2\/\",\"name\":\"Jakna Soft Shell Classic (bez postave) - GB3 - Brend koji osvaja svijet\",\"isPartOf\":{\"@id\":\"https:\/\/gb3.ba\/biznis\/#website\"},\"primaryImageOfPage\":{\"@id\":\"https:\/\/gb3.ba\/biznis\/proizvod\/jakna-soft-shell-classic-bez-postave-2\/#primaryimage\"},\"image\":{\"@id\":\"https:\/\/gb3.ba\/biznis\/proizvod\/jakna-soft-shell-classic-bez-postave-2\/#primaryimage\"},\"thumbnailUrl\":\"https:\/\/gb3.ba\/biznis\/wp-content\/uploads\/2022\/10\/WEB-SoftShell-Skidanje-rukava-4.jpg\",\"datePublished\":\"2022-10-06T12:14:19+00:00\",\"breadcrumb\":{\"@id\":\"https:\/\/gb3.ba\/biznis\/proizvod\/jakna-soft-shell-classic-bez-postave-2\/#breadcrumb\"},\"inLanguage\":\"bs-BA\",\"potentialAction\":[{\"@type\":\"ReadAction\",\"target\":[\"https:\/\/gb3.ba\/biznis\/proizvod\/jakna-soft-shell-classic-bez-postave-2\/\"]}]},{\"@type\":\"ImageObject\",\"inLanguage\":\"bs-BA\",\"@id\":\"https:\/\/gb3.ba\/biznis\/proizvod\/jakna-soft-shell-classic-bez-postave-2\/#primaryimage\",\"url\":\"https:\/\/gb3.ba\/biznis\/wp-content\/uploads\/2022\/10\/WEB-SoftShell-Skidanje-rukava-4.jpg\",\"contentUrl\":\"https:\/\/gb3.ba\/biznis\/wp-content\/uploads\/2022\/10\/WEB-SoftShell-Skidanje-rukava-4.jpg\",\"width\":1080,\"height\":1080},{\"@type\":\"BreadcrumbList\",\"@id\":\"https:\/\/gb3.ba\/biznis\/proizvod\/jakna-soft-shell-classic-bez-postave-2\/#breadcrumb\",\"itemListElement\":[{\"@type\":\"ListItem\",\"position\":1,\"name\":\"Home\",\"item\":\"https:\/\/gb3.ba\/biznis\/\"},{\"@type\":\"ListItem\",\"position\":2,\"name\":\"Trgovina\",\"item\":\"https:\/\/gb3.ba\/biznis\/trgovina\/\"},{\"@type\":\"ListItem\",\"position\":3,\"name\":\"Jakna Soft Shell Classic (bez postave)\"}]},{\"@type\":\"WebSite\",\"@id\":\"https:\/\/gb3.ba\/biznis\/#website\",\"url\":\"https:\/\/gb3.ba\/biznis\/\",\"name\":\"GB3 - Brend koji osvaja svijet\",\"description\":\"\",\"publisher\":{\"@id\":\"https:\/\/gb3.ba\/biznis\/#organization\"},\"potentialAction\":[{\"@type\":\"SearchAction\",\"target\":{\"@type\":\"EntryPoint\",\"urlTemplate\":\"https:\/\/gb3.ba\/biznis\/?s={search_term_string}\"},\"query-input\":{\"@type\":\"PropertyValueSpecification\",\"valueRequired\":true,\"valueName\":\"search_term_string\"}}],\"inLanguage\":\"bs-BA\"},{\"@type\":\"Organization\",\"@id\":\"https:\/\/gb3.ba\/biznis\/#organization\",\"name\":\"GB3 - Brend koji osvaja svijet\",\"url\":\"https:\/\/gb3.ba\/biznis\/\",\"logo\":{\"@type\":\"ImageObject\",\"inLanguage\":\"bs-BA\",\"@id\":\"https:\/\/gb3.ba\/biznis\/#\/schema\/logo\/image\/\",\"url\":\"https:\/\/gb3.ba\/biznis\/wp-content\/uploads\/2025\/03\/OG-Image-2025.jpg\",\"contentUrl\":\"https:\/\/gb3.ba\/biznis\/wp-content\/uploads\/2025\/03\/OG-Image-2025.jpg\",\"width\":1200,\"height\":640,\"caption\":\"GB3 - Brend koji osvaja svijet\"},\"image\":{\"@id\":\"https:\/\/gb3.ba\/biznis\/#\/schema\/logo\/image\/\"},\"sameAs\":[\"https:\/\/www.facebook.com\/gbt.gb3.sportska.oprema\",\"https:\/\/www.instagram.com\/gb3_sportska_oprema\/\"]}]}<\/script>\n<!-- \/ Yoast SEO plugin. -->","yoast_head_json":{"title":"Jakna Soft Shell Classic (bez postave) - GB3 - Brend koji osvaja svijet","robots":{"index":"index","follow":"follow","max-snippet":"max-snippet:-1","max-image-preview":"max-image-preview:large","max-video-preview":"max-video-preview:-1"},"canonical":"https:\/\/gb3.ba\/biznis\/proizvod\/jakna-soft-shell-classic-bez-postave-2\/","og_locale":"bs_BA","og_type":"article","og_title":"Jakna Soft Shell Classic (bez postave) - GB3 - Brend koji osvaja svijet","og_description":"Soft shell jakna, izra\u0111ena od najkvalitetnijeg Soft Shell materijala, vodonepropusna i vjetronepropusna prilago\u0111ena za sve zimske uslove. Mogu\u0107a i u full color print-u Mu\u0161ka (ravna) \u017denska (strukirana) Osnovni model: &#8211; d\u017eepovi &#8211; 2 donja (vanjski) &#8211; d\u017eep na rukavu (lijevi rukav) &#8211; klasi\u010dni rajsfer\u0161lusi Dodaci: &#8211; gornji d\u017eep lijevi (vanjski) &#8211; gornji d\u017eep desni (vanjski) [&hellip;]","og_url":"https:\/\/gb3.ba\/biznis\/proizvod\/jakna-soft-shell-classic-bez-postave-2\/","og_site_name":"GB3 - Brend koji osvaja svijet","article_publisher":"https:\/\/www.facebook.com\/gbt.gb3.sportska.oprema","og_image":[{"width":1080,"height":1080,"url":"https:\/\/gb3.ba\/biznis\/wp-content\/uploads\/2022\/10\/WEB-SoftShell-Skidanje-rukava-4.jpg","type":"image\/jpeg"}],"twitter_card":"summary_large_image","schema":{"@context":"https:\/\/schema.org","@graph":[{"@type":"WebPage","@id":"https:\/\/gb3.ba\/biznis\/proizvod\/jakna-soft-shell-classic-bez-postave-2\/","url":"https:\/\/gb3.ba\/biznis\/proizvod\/jakna-soft-shell-classic-bez-postave-2\/","name":"Jakna Soft Shell Classic (bez postave) - GB3 - Brend koji osvaja svijet","isPartOf":{"@id":"https:\/\/gb3.ba\/biznis\/#website"},"primaryImageOfPage":{"@id":"https:\/\/gb3.ba\/biznis\/proizvod\/jakna-soft-shell-classic-bez-postave-2\/#primaryimage"},"image":{"@id":"https:\/\/gb3.ba\/biznis\/proizvod\/jakna-soft-shell-classic-bez-postave-2\/#primaryimage"},"thumbnailUrl":"https:\/\/gb3.ba\/biznis\/wp-content\/uploads\/2022\/10\/WEB-SoftShell-Skidanje-rukava-4.jpg","datePublished":"2022-10-06T12:14:19+00:00","breadcrumb":{"@id":"https:\/\/gb3.ba\/biznis\/proizvod\/jakna-soft-shell-classic-bez-postave-2\/#breadcrumb"},"inLanguage":"bs-BA","potentialAction":[{"@type":"ReadAction","target":["https:\/\/gb3.ba\/biznis\/proizvod\/jakna-soft-shell-classic-bez-postave-2\/"]}]},{"@type":"ImageObject","inLanguage":"bs-BA","@id":"https:\/\/gb3.ba\/biznis\/proizvod\/jakna-soft-shell-classic-bez-postave-2\/#primaryimage","url":"https:\/\/gb3.ba\/biznis\/wp-content\/uploads\/2022\/10\/WEB-SoftShell-Skidanje-rukava-4.jpg","contentUrl":"https:\/\/gb3.ba\/biznis\/wp-content\/uploads\/2022\/10\/WEB-SoftShell-Skidanje-rukava-4.jpg","width":1080,"height":1080},{"@type":"BreadcrumbList","@id":"https:\/\/gb3.ba\/biznis\/proizvod\/jakna-soft-shell-classic-bez-postave-2\/#breadcrumb","itemListElement":[{"@type":"ListItem","position":1,"name":"Home","item":"https:\/\/gb3.ba\/biznis\/"},{"@type":"ListItem","position":2,"name":"Trgovina","item":"https:\/\/gb3.ba\/biznis\/trgovina\/"},{"@type":"ListItem","position":3,"name":"Jakna Soft Shell Classic (bez postave)"}]},{"@type":"WebSite","@id":"https:\/\/gb3.ba\/biznis\/#website","url":"https:\/\/gb3.ba\/biznis\/","name":"GB3 - Brend koji osvaja svijet","description":"","publisher":{"@id":"https:\/\/gb3.ba\/biznis\/#organization"},"potentialAction":[{"@type":"SearchAction","target":{"@type":"EntryPoint","urlTemplate":"https:\/\/gb3.ba\/biznis\/?s={search_term_string}"},"query-input":{"@type":"PropertyValueSpecification","valueRequired":true,"valueName":"search_term_string"}}],"inLanguage":"bs-BA"},{"@type":"Organization","@id":"https:\/\/gb3.ba\/biznis\/#organization","name":"GB3 - Brend koji osvaja svijet","url":"https:\/\/gb3.ba\/biznis\/","logo":{"@type":"ImageObject","inLanguage":"bs-BA","@id":"https:\/\/gb3.ba\/biznis\/#\/schema\/logo\/image\/","url":"https:\/\/gb3.ba\/biznis\/wp-content\/uploads\/2025\/03\/OG-Image-2025.jpg","contentUrl":"https:\/\/gb3.ba\/biznis\/wp-content\/uploads\/2025\/03\/OG-Image-2025.jpg","width":1200,"height":640,"caption":"GB3 - Brend koji osvaja svijet"},"image":{"@id":"https:\/\/gb3.ba\/biznis\/#\/schema\/logo\/image\/"},"sameAs":["https:\/\/www.facebook.com\/gbt.gb3.sportska.oprema","https:\/\/www.instagram.com\/gb3_sportska_oprema\/"]}]}},"_links":{"self":[{"href":"https:\/\/gb3.ba\/biznis\/wp-json\/wp\/v2\/product\/12849","targetHints":{"allow":["GET"]}}],"collection":[{"href":"https:\/\/gb3.ba\/biznis\/wp-json\/wp\/v2\/product"}],"about":[{"href":"https:\/\/gb3.ba\/biznis\/wp-json\/wp\/v2\/types\/product"}],"replies":[{"embeddable":true,"href":"https:\/\/gb3.ba\/biznis\/wp-json\/wp\/v2\/comments?post=12849"}],"wp:featuredmedia":[{"embeddable":true,"href":"https:\/\/gb3.ba\/biznis\/wp-json\/wp\/v2\/media\/12851"}],"wp:attachment":[{"href":"https:\/\/gb3.ba\/biznis\/wp-json\/wp\/v2\/media?parent=12849"}],"wp:term":[{"taxonomy":"product_brand","embeddable":true,"href":"https:\/\/gb3.ba\/biznis\/wp-json\/wp\/v2\/product_brand?post=12849"},{"taxonomy":"product_cat","embeddable":true,"href":"https:\/\/gb3.ba\/biznis\/wp-json\/wp\/v2\/product_cat?post=12849"},{"taxonomy":"product_tag","embeddable":true,"href":"https:\/\/gb3.ba\/biznis\/wp-json\/wp\/v2\/product_tag?post=12849"}],"curies":[{"name":"wp","href":"https:\/\/api.w.org\/{rel}","templated":true}]}}